{"id":391,"date":"2016-07-01T17:31:43","date_gmt":"2016-07-01T15:31:43","guid":{"rendered":"http:\/\/handbuch.sdigroup.de\/ctx\/?page_id=391"},"modified":"2020-08-25T10:29:00","modified_gmt":"2020-08-25T08:29:00","slug":"bericht-tagmonatjahr","status":"publish","type":"page","link":"https:\/\/handbuch.sdigroup.de\/ctx\/?page_id=391","title":{"rendered":"Tages\/Monats oder Jahres berichte"},"content":{"rendered":"<p>Um Tages\/Monats oder Jahres berichte zu erstellen, k\u00f6nne Sie wie gefolgt vorgehen:<\/p>\n<p><span style=\"background-color: #999999; color: #ffffff;\">Schritt 1<\/span><\/p>\n<p>Zun\u00e4chst einmal beginnen Sie im Hauptmen\u00fc und w\u00e4hlen dort die &#8222;<strong>Kasse &#8211; F8<\/strong>&#8220; aus.<\/p>\n<p><span style=\"background-color: #999999; color: #ffffff;\">Schritt 2<\/span><\/p>\n<p>Jetzt K\u00f6nnen wir mit dem n\u00e4chsten Schritt fortfahren, hier w\u00e4hlen Sie die &#8222;<strong>Kassen-Kontrolle<\/strong>&#8220; aus und geben das Datum, der Zeitraum ein von dem sie gerne den Bericht haben wollen.<\/p>\n<p><span style=\"background-color: #999999; color: #ffffff;\">Schritt 3<\/span><\/p>\n<p><span style=\"background-color: #339966; color: #ffffff;\">Falls Sie keine Digitale Darstellung des Berichtes haben wollen, K\u00f6nnen Sie den n\u00e4chsten Absatz \u00fcberspringen!.<\/span><\/p>\n<p><span style=\"font-size: 12pt;\">Jetzt sollten Sie drauf achten dass man ggf. auch eine digital Darstellung des Berichtes haben kann. Hier f\u00fcr w\u00e4hlen Sie in der &#8222;<strong>Men\u00fcleiste<\/strong>&#8220; welches oben angezeigt wird, aus ob sie eine &#8222;<strong>Seitenansicht<\/strong>&#8220; haben wollen. Diese k\u00f6nnen Sie auch mit der tasten Kombination &#8222;<strong>Strg<\/strong>&#8220; und &#8222;<strong>S<\/strong>&#8220; De\/Aktivieren.<\/span><\/p>\n<p>Die gew\u00fcnschten Berichte k\u00f6nnen Sie nun ausw\u00e4hlen und diese mit Hilfe der, im Oben Angezeigten Men\u00fcleiste &#8222;<strong>Kassenbericht<\/strong>&#8222;, drucken.<\/p>\n<p><img loading=\"lazy\" decoding=\"async\" class=\"alignnone size-full wp-image-939\" src=\"https:\/\/handbuch.sdigroup.de\/ctx\/wp-content\/uploads\/Men\u00fcleist-Kassenbericht.png\" alt=\"\" width=\"100\" height=\"25\" \/><\/p>\n","protected":false},"excerpt":{"rendered":"<p>Um Tages\/Monats oder Jahres berichte zu erstellen, k\u00f6nne Sie wie gefolgt vorgehen: Schritt 1 Zun\u00e4chst einmal beginnen Sie im Hauptmen\u00fc und w\u00e4hlen dort die &#8222;Kasse &#8211; F8&#8220; aus. Schritt 2 Jetzt K\u00f6nnen wir mit dem n\u00e4chsten Schritt fortfahren, hier w\u00e4hlen Sie die &#8222;Kassen-Kontrolle&#8220; aus und geben das Datum, der Zeitraum ein von dem sie gerne [&hellip;]<\/p>\n","protected":false},"author":5,"featured_media":0,"parent":24,"menu_order":0,"comment_status":"closed","ping_status":"closed","template":"","meta":{"footnotes":""},"class_list":["post-391","page","type-page","status-publish","hentry"],"_links":{"self":[{"href":"https:\/\/handbuch.sdigroup.de\/ctx\/index.php?rest_route=\/wp\/v2\/pages\/391","targetHints":{"allow":["GET"]}}],"collection":[{"href":"https:\/\/handbuch.sdigroup.de\/ctx\/index.php?rest_route=\/wp\/v2\/pages"}],"about":[{"href":"https:\/\/handbuch.sdigroup.de\/ctx\/index.php?rest_route=\/wp\/v2\/types\/page"}],"author":[{"embeddable":true,"href":"https:\/\/handbuch.sdigroup.de\/ctx\/index.php?rest_route=\/wp\/v2\/users\/5"}],"replies":[{"embeddable":true,"href":"https:\/\/handbuch.sdigroup.de\/ctx\/index.php?rest_route=%2Fwp%2Fv2%2Fcomments&post=391"}],"version-history":[{"count":6,"href":"https:\/\/handbuch.sdigroup.de\/ctx\/index.php?rest_route=\/wp\/v2\/pages\/391\/revisions"}],"predecessor-version":[{"id":1466,"href":"https:\/\/handbuch.sdigroup.de\/ctx\/index.php?rest_route=\/wp\/v2\/pages\/391\/revisions\/1466"}],"up":[{"embeddable":true,"href":"https:\/\/handbuch.sdigroup.de\/ctx\/index.php?rest_route=\/wp\/v2\/pages\/24"}],"wp:attachment":[{"href":"https:\/\/handbuch.sdigroup.de\/ctx\/index.php?rest_route=%2Fwp%2Fv2%2Fmedia&parent=391"}],"curies":[{"name":"wp","href":"https:\/\/api.w.org\/{rel}","templated":true}]}}