{"id":389,"date":"2016-07-01T17:31:17","date_gmt":"2016-07-01T15:31:17","guid":{"rendered":"http:\/\/handbuch.sdigroup.de\/ctx\/?page_id=389"},"modified":"2020-08-25T10:39:25","modified_gmt":"2020-08-25T08:39:25","slug":"zugangsliste","status":"publish","type":"page","link":"https:\/\/handbuch.sdigroup.de\/ctx\/?page_id=389","title":{"rendered":"Zugangsliste"},"content":{"rendered":"<p>Sollten Sie die Zugangsliste der Wareneingang f\u00fcr das entsprechende Datum oder die entsprechende Lieferschein Nummer ausdrucken, k\u00f6nnen Sie folgende schritte w\u00e4hlen :<\/p>\n<ol>\n<li style=\"list-style-type: none;\">\n<ol>\n<li><strong>&#8222;Lager \/ Artikelstamm &#8211; F7&#8220;<\/strong><\/li>\n<li>Lager &#8211; Protokoll<\/li>\n<li><strong>&#8222;Suchen &#8211; F8&#8220;<\/strong><\/li>\n<li>Suchliste<\/li>\n<li>In dem Tabellenmen\u00fc &#8222;<b>Drucken<\/b>&#8220; w\u00e4hlen<\/li>\n<li>&#8222;<b>Zugangsliste<\/b>&#8220; ausw\u00e4hlen<\/li>\n<\/ol>\n<\/li>\n<\/ol>\n<p><i>(Zugangsliste wird gedruckt)<\/i><\/p>\n","protected":false},"excerpt":{"rendered":"<p>Sollten Sie die Zugangsliste der Wareneingang f\u00fcr das entsprechende Datum oder die entsprechende Lieferschein Nummer ausdrucken, k\u00f6nnen Sie folgende schritte w\u00e4hlen : &#8222;Lager \/ Artikelstamm &#8211; F7&#8220; Lager &#8211; Protokoll &#8222;Suchen &#8211; F8&#8220; Suchliste In dem Tabellenmen\u00fc &#8222;Drucken&#8220; w\u00e4hlen &#8222;Zugangsliste&#8220; ausw\u00e4hlen (Zugangsliste wird gedruckt)<\/p>\n","protected":false},"author":5,"featured_media":0,"parent":24,"menu_order":0,"comment_status":"closed","ping_status":"closed","template":"","meta":{"footnotes":""},"class_list":["post-389","page","type-page","status-publish","hentry"],"_links":{"self":[{"href":"https:\/\/handbuch.sdigroup.de\/ctx\/index.php?rest_route=\/wp\/v2\/pages\/389","targetHints":{"allow":["GET"]}}],"collection":[{"href":"https:\/\/handbuch.sdigroup.de\/ctx\/index.php?rest_route=\/wp\/v2\/pages"}],"about":[{"href":"https:\/\/handbuch.sdigroup.de\/ctx\/index.php?rest_route=\/wp\/v2\/types\/page"}],"author":[{"embeddable":true,"href":"https:\/\/handbuch.sdigroup.de\/ctx\/index.php?rest_route=\/wp\/v2\/users\/5"}],"replies":[{"embeddable":true,"href":"https:\/\/handbuch.sdigroup.de\/ctx\/index.php?rest_route=%2Fwp%2Fv2%2Fcomments&post=389"}],"version-history":[{"count":4,"href":"https:\/\/handbuch.sdigroup.de\/ctx\/index.php?rest_route=\/wp\/v2\/pages\/389\/revisions"}],"predecessor-version":[{"id":1471,"href":"https:\/\/handbuch.sdigroup.de\/ctx\/index.php?rest_route=\/wp\/v2\/pages\/389\/revisions\/1471"}],"up":[{"embeddable":true,"href":"https:\/\/handbuch.sdigroup.de\/ctx\/index.php?rest_route=\/wp\/v2\/pages\/24"}],"wp:attachment":[{"href":"https:\/\/handbuch.sdigroup.de\/ctx\/index.php?rest_route=%2Fwp%2Fv2%2Fmedia&parent=389"}],"curies":[{"name":"wp","href":"https:\/\/api.w.org\/{rel}","templated":true}]}}