{"id":387,"date":"2016-07-01T17:31:04","date_gmt":"2016-07-01T15:31:04","guid":{"rendered":"http:\/\/handbuch.sdigroup.de\/ctx\/?page_id=387"},"modified":"2020-08-25T10:40:57","modified_gmt":"2020-08-25T08:40:57","slug":"gesamt-zugang","status":"publish","type":"page","link":"https:\/\/handbuch.sdigroup.de\/ctx\/?page_id=387","title":{"rendered":"Gesamt Zugang"},"content":{"rendered":"<p>Gesamte Zugang(Wareneingang) bis heute<\/p>\n<p>W\u00e4hlen Sie folgende Schritte<\/p>\n<ol>\n<li style=\"list-style-type: none;\">\n<ol>\n<li><strong>&#8222;Lager \/ Artikelstamm &#8211; F7&#8220;<\/strong><\/li>\n<li>Artikel \/ Lager &#8211; Verwaltung<\/li>\n<li>Suchen &#8211; F8<\/li>\n<li>Suchliste<\/li>\n<li>In dem Tabellenmen\u00fc &#8222;<b>Drucken&#8220;<\/b> w\u00e4hlen<\/li>\n<li><b>Zugangsliste<\/b> ausw\u00e4hlen<\/li>\n<\/ol>\n<\/li>\n<\/ol>\n<p><i>(Zugangsliste wird gedruckt)<\/i><\/p>\n","protected":false},"excerpt":{"rendered":"<p>Gesamte Zugang(Wareneingang) bis heute W\u00e4hlen Sie folgende Schritte &#8222;Lager \/ Artikelstamm &#8211; F7&#8220; Artikel \/ Lager &#8211; Verwaltung Suchen &#8211; F8 Suchliste In dem Tabellenmen\u00fc &#8222;Drucken&#8220; w\u00e4hlen Zugangsliste ausw\u00e4hlen (Zugangsliste wird gedruckt)<\/p>\n","protected":false},"author":5,"featured_media":0,"parent":24,"menu_order":0,"comment_status":"closed","ping_status":"closed","template":"","meta":{"footnotes":""},"class_list":["post-387","page","type-page","status-publish","hentry"],"_links":{"self":[{"href":"https:\/\/handbuch.sdigroup.de\/ctx\/index.php?rest_route=\/wp\/v2\/pages\/387","targetHints":{"allow":["GET"]}}],"collection":[{"href":"https:\/\/handbuch.sdigroup.de\/ctx\/index.php?rest_route=\/wp\/v2\/pages"}],"about":[{"href":"https:\/\/handbuch.sdigroup.de\/ctx\/index.php?rest_route=\/wp\/v2\/types\/page"}],"author":[{"embeddable":true,"href":"https:\/\/handbuch.sdigroup.de\/ctx\/index.php?rest_route=\/wp\/v2\/users\/5"}],"replies":[{"embeddable":true,"href":"https:\/\/handbuch.sdigroup.de\/ctx\/index.php?rest_route=%2Fwp%2Fv2%2Fcomments&post=387"}],"version-history":[{"count":3,"href":"https:\/\/handbuch.sdigroup.de\/ctx\/index.php?rest_route=\/wp\/v2\/pages\/387\/revisions"}],"predecessor-version":[{"id":1472,"href":"https:\/\/handbuch.sdigroup.de\/ctx\/index.php?rest_route=\/wp\/v2\/pages\/387\/revisions\/1472"}],"up":[{"embeddable":true,"href":"https:\/\/handbuch.sdigroup.de\/ctx\/index.php?rest_route=\/wp\/v2\/pages\/24"}],"wp:attachment":[{"href":"https:\/\/handbuch.sdigroup.de\/ctx\/index.php?rest_route=%2Fwp%2Fv2%2Fmedia&parent=387"}],"curies":[{"name":"wp","href":"https:\/\/api.w.org\/{rel}","templated":true}]}}