{"id":385,"date":"2016-07-01T17:30:48","date_gmt":"2016-07-01T15:30:48","guid":{"rendered":"http:\/\/handbuch.sdigroup.de\/ctx\/?page_id=385"},"modified":"2020-08-25T10:37:49","modified_gmt":"2020-08-25T08:37:49","slug":"inventarliste","status":"publish","type":"page","link":"https:\/\/handbuch.sdigroup.de\/ctx\/?page_id=385","title":{"rendered":"Inventurliste"},"content":{"rendered":"<p>Abg\u00e4nge &amp; Zug\u00e4nge je Gr\u00f6\u00dfe<\/p>\n<p>W\u00e4hlen Sie folgende Schritte<\/p>\n<ol>\n<li style=\"list-style-type: none;\">\n<ol>\n<li><strong>&#8222;Lager \/ Artikelstamm &#8211; F7&#8220;<\/strong><\/li>\n<li>Artikel \/ Lager &#8211; Bewegung<\/li>\n<li>Suchen ( F8)<\/li>\n<li>Suchliste<\/li>\n<li>In dem Tabellenmen\u00fc <b>Drucken<\/b> w\u00e4hlen<\/li>\n<li><b>Inventurliste<\/b> ausw\u00e4hlen<\/li>\n<\/ol>\n<\/li>\n<\/ol>\n<p><i>(Inventurliste wird gedruckt)<\/i><\/p>\n","protected":false},"excerpt":{"rendered":"<p>Abg\u00e4nge &amp; Zug\u00e4nge je Gr\u00f6\u00dfe W\u00e4hlen Sie folgende Schritte &#8222;Lager \/ Artikelstamm &#8211; F7&#8220; Artikel \/ Lager &#8211; Bewegung Suchen ( F8) Suchliste In dem Tabellenmen\u00fc Drucken w\u00e4hlen Inventurliste ausw\u00e4hlen (Inventurliste wird gedruckt)<\/p>\n","protected":false},"author":5,"featured_media":0,"parent":24,"menu_order":0,"comment_status":"closed","ping_status":"closed","template":"","meta":{"footnotes":""},"class_list":["post-385","page","type-page","status-publish","hentry"],"_links":{"self":[{"href":"https:\/\/handbuch.sdigroup.de\/ctx\/index.php?rest_route=\/wp\/v2\/pages\/385","targetHints":{"allow":["GET"]}}],"collection":[{"href":"https:\/\/handbuch.sdigroup.de\/ctx\/index.php?rest_route=\/wp\/v2\/pages"}],"about":[{"href":"https:\/\/handbuch.sdigroup.de\/ctx\/index.php?rest_route=\/wp\/v2\/types\/page"}],"author":[{"embeddable":true,"href":"https:\/\/handbuch.sdigroup.de\/ctx\/index.php?rest_route=\/wp\/v2\/users\/5"}],"replies":[{"embeddable":true,"href":"https:\/\/handbuch.sdigroup.de\/ctx\/index.php?rest_route=%2Fwp%2Fv2%2Fcomments&post=385"}],"version-history":[{"count":4,"href":"https:\/\/handbuch.sdigroup.de\/ctx\/index.php?rest_route=\/wp\/v2\/pages\/385\/revisions"}],"predecessor-version":[{"id":1470,"href":"https:\/\/handbuch.sdigroup.de\/ctx\/index.php?rest_route=\/wp\/v2\/pages\/385\/revisions\/1470"}],"up":[{"embeddable":true,"href":"https:\/\/handbuch.sdigroup.de\/ctx\/index.php?rest_route=\/wp\/v2\/pages\/24"}],"wp:attachment":[{"href":"https:\/\/handbuch.sdigroup.de\/ctx\/index.php?rest_route=%2Fwp%2Fv2%2Fmedia&parent=385"}],"curies":[{"name":"wp","href":"https:\/\/api.w.org\/{rel}","templated":true}]}}