{"id":381,"date":"2016-07-01T17:30:17","date_gmt":"2016-07-01T15:30:17","guid":{"rendered":"http:\/\/handbuch.sdigroup.de\/ctx\/?page_id=381"},"modified":"2020-08-24T16:11:40","modified_gmt":"2020-08-24T14:11:40","slug":"bestandsliste","status":"publish","type":"page","link":"https:\/\/handbuch.sdigroup.de\/ctx\/?page_id=381","title":{"rendered":"Bestandsliste"},"content":{"rendered":"<p>Die Bestandsliste kann gedruckt werden, dazu k\u00f6nnen Sie wie gefolgt vorgehen:<\/p>\n<p><span style=\"background-color: #999999; color: #ffffff;\">Schritt 1<\/span><\/p>\n<p>F\u00fcr die Ausgabe der Bestandsliste gehen Sie zuerst ins Hauptmen\u00fc, jetzt k\u00f6nnen Sie mit der Taste \u201e<strong>F7<\/strong>&#8220; oder \u201e<strong>Lager\/Artikelstamm<\/strong>&#8220; bet\u00e4tigen\/ausw\u00e4hlen.<\/p>\n<p><span style=\"background-color: #999999; color: #ffffff;\">Schritt 2<\/span><\/p>\n<p>Als n\u00e4chstes w\u00e4hlen Sie &#8222;<strong>Artikel \/ Lager &#8211; Bewegung<\/strong>&#8222;, Sie k\u00f6nnen die taste &#8222;<strong>F8<\/strong>&#8220; oder &#8222;<strong>Suchen<\/strong>&#8220; bet\u00e4tigen\/Ausw\u00e4hlen.<\/p>\n<p><img loading=\"lazy\" decoding=\"async\" class=\"alignnone size-full wp-image-934\" src=\"https:\/\/handbuch.sdigroup.de\/ctx\/wp-content\/uploads\/Suchen-F8.png\" alt=\"\" width=\"96\" height=\"66\" \/><\/p>\n<p><span style=\"background-color: #999999; color: #ffffff;\">Schritt 3<\/span><\/p>\n<p>Als n\u00e4chstes w\u00e4hlen Sie \u201e<strong>Artikel \/ Lager &#8211; Bewegung<\/strong>&#8222;, Sie k\u00f6nnen die taste &#8222;<strong>F8<\/strong>&#8220; oder &#8222;<strong>Suchen<\/strong>&#8220; bet\u00e4tigen\/Ausw\u00e4hlen.<\/p>\n<p><span style=\"background-color: #999999; color: #ffffff;\">Schritt 4<\/span><\/p>\n<p>Jetzt m\u00fcssen Sie in der \u201e<strong>Men\u00fcleiste<\/strong>&#8220; die Option\u00a0<strong>&#8222;Suchliste&#8220;<\/strong> und danach sollte sich ein weiteres Men\u00fc \u00f6ffnen, dort in der <strong>\u201eOberen Men\u00fcleiste<b>\u201c<\/b> <\/strong>m\u00fcssen Sie <strong>\u201eDrucken&#8220;<\/strong> ausw\u00e4hlen. Zum Schluss sollte auch die Bestandsliste gedruckt werden.<\/p>\n<p><img loading=\"lazy\" decoding=\"async\" class=\"alignnone size-full wp-image-945\" src=\"https:\/\/handbuch.sdigroup.de\/ctx\/wp-content\/uploads\/Bestandsliste.png\" alt=\"\" width=\"316\" height=\"424\" srcset=\"https:\/\/handbuch.sdigroup.de\/ctx\/wp-content\/uploads\/Bestandsliste.png 316w, https:\/\/handbuch.sdigroup.de\/ctx\/wp-content\/uploads\/Bestandsliste-224x300.png 224w\" sizes=\"auto, (max-width: 316px) 100vw, 316px\" \/><\/p>\n<p><i>(Bestandsliste wird gedruckt)<\/i><\/p>\n","protected":false},"excerpt":{"rendered":"<p>Die Bestandsliste kann gedruckt werden, dazu k\u00f6nnen Sie wie gefolgt vorgehen: Schritt 1 F\u00fcr die Ausgabe der Bestandsliste gehen Sie zuerst ins Hauptmen\u00fc, jetzt k\u00f6nnen Sie mit der Taste \u201eF7&#8220; oder \u201eLager\/Artikelstamm&#8220; bet\u00e4tigen\/ausw\u00e4hlen. Schritt 2 Als n\u00e4chstes w\u00e4hlen Sie &#8222;Artikel \/ Lager &#8211; Bewegung&#8222;, Sie k\u00f6nnen die taste &#8222;F8&#8220; oder &#8222;Suchen&#8220; bet\u00e4tigen\/Ausw\u00e4hlen. Schritt 3 Als [&hellip;]<\/p>\n","protected":false},"author":5,"featured_media":0,"parent":24,"menu_order":0,"comment_status":"closed","ping_status":"closed","template":"","meta":{"footnotes":""},"class_list":["post-381","page","type-page","status-publish","hentry"],"_links":{"self":[{"href":"https:\/\/handbuch.sdigroup.de\/ctx\/index.php?rest_route=\/wp\/v2\/pages\/381","targetHints":{"allow":["GET"]}}],"collection":[{"href":"https:\/\/handbuch.sdigroup.de\/ctx\/index.php?rest_route=\/wp\/v2\/pages"}],"about":[{"href":"https:\/\/handbuch.sdigroup.de\/ctx\/index.php?rest_route=\/wp\/v2\/types\/page"}],"author":[{"embeddable":true,"href":"https:\/\/handbuch.sdigroup.de\/ctx\/index.php?rest_route=\/wp\/v2\/users\/5"}],"replies":[{"embeddable":true,"href":"https:\/\/handbuch.sdigroup.de\/ctx\/index.php?rest_route=%2Fwp%2Fv2%2Fcomments&post=381"}],"version-history":[{"count":10,"href":"https:\/\/handbuch.sdigroup.de\/ctx\/index.php?rest_route=\/wp\/v2\/pages\/381\/revisions"}],"predecessor-version":[{"id":1430,"href":"https:\/\/handbuch.sdigroup.de\/ctx\/index.php?rest_route=\/wp\/v2\/pages\/381\/revisions\/1430"}],"up":[{"embeddable":true,"href":"https:\/\/handbuch.sdigroup.de\/ctx\/index.php?rest_route=\/wp\/v2\/pages\/24"}],"wp:attachment":[{"href":"https:\/\/handbuch.sdigroup.de\/ctx\/index.php?rest_route=%2Fwp%2Fv2%2Fmedia&parent=381"}],"curies":[{"name":"wp","href":"https:\/\/api.w.org\/{rel}","templated":true}]}}