{"id":375,"date":"2016-07-01T17:25:27","date_gmt":"2016-07-01T15:25:27","guid":{"rendered":"http:\/\/handbuch.sdigroup.de\/ctx\/?page_id=375"},"modified":"2020-08-25T10:51:32","modified_gmt":"2020-08-25T08:51:32","slug":"lieferantenliste","status":"publish","type":"page","link":"https:\/\/handbuch.sdigroup.de\/ctx\/?page_id=375","title":{"rendered":"Lieferantenliste"},"content":{"rendered":"<p>W\u00e4hlen Sie folgende Schritte<\/p>\n<ol>\n<li style=\"list-style-type: none;\">\n<ol>\n<li><strong>&#8222;Lieferantenstamm &#8211; F6&#8220;<\/strong><\/li>\n<li>Suchen &#8211; F8<\/li>\n<li>Suchliste<\/li>\n<li>In dem Tabellenmen\u00fc <b>Drucken<\/b> w\u00e4hlen<\/li>\n<li><b>Liste \/ Tabelle<\/b> ausw\u00e4hlen<\/li>\n<\/ol>\n<\/li>\n<\/ol>\n<p><i>(Lieferantenliste wird gedruckt)<\/i><\/p>\n","protected":false},"excerpt":{"rendered":"<p>W\u00e4hlen Sie folgende Schritte &#8222;Lieferantenstamm &#8211; F6&#8220; Suchen &#8211; F8 Suchliste In dem Tabellenmen\u00fc Drucken w\u00e4hlen Liste \/ Tabelle ausw\u00e4hlen (Lieferantenliste wird gedruckt)<\/p>\n","protected":false},"author":5,"featured_media":0,"parent":24,"menu_order":0,"comment_status":"closed","ping_status":"closed","template":"","meta":{"footnotes":""},"class_list":["post-375","page","type-page","status-publish","hentry"],"_links":{"self":[{"href":"https:\/\/handbuch.sdigroup.de\/ctx\/index.php?rest_route=\/wp\/v2\/pages\/375","targetHints":{"allow":["GET"]}}],"collection":[{"href":"https:\/\/handbuch.sdigroup.de\/ctx\/index.php?rest_route=\/wp\/v2\/pages"}],"about":[{"href":"https:\/\/handbuch.sdigroup.de\/ctx\/index.php?rest_route=\/wp\/v2\/types\/page"}],"author":[{"embeddable":true,"href":"https:\/\/handbuch.sdigroup.de\/ctx\/index.php?rest_route=\/wp\/v2\/users\/5"}],"replies":[{"embeddable":true,"href":"https:\/\/handbuch.sdigroup.de\/ctx\/index.php?rest_route=%2Fwp%2Fv2%2Fcomments&post=375"}],"version-history":[{"count":3,"href":"https:\/\/handbuch.sdigroup.de\/ctx\/index.php?rest_route=\/wp\/v2\/pages\/375\/revisions"}],"predecessor-version":[{"id":1475,"href":"https:\/\/handbuch.sdigroup.de\/ctx\/index.php?rest_route=\/wp\/v2\/pages\/375\/revisions\/1475"}],"up":[{"embeddable":true,"href":"https:\/\/handbuch.sdigroup.de\/ctx\/index.php?rest_route=\/wp\/v2\/pages\/24"}],"wp:attachment":[{"href":"https:\/\/handbuch.sdigroup.de\/ctx\/index.php?rest_route=%2Fwp%2Fv2%2Fmedia&parent=375"}],"curies":[{"name":"wp","href":"https:\/\/api.w.org\/{rel}","templated":true}]}}