{"id":36,"date":"2016-02-23T15:45:17","date_gmt":"2016-02-23T14:45:17","guid":{"rendered":"http:\/\/handbuch.sdigroup.de\/ctx\/?page_id=36"},"modified":"2020-08-25T10:26:21","modified_gmt":"2020-08-25T08:26:21","slug":"adressliste","status":"publish","type":"page","link":"https:\/\/handbuch.sdigroup.de\/ctx\/?page_id=36","title":{"rendered":"Adressliste"},"content":{"rendered":"<p>W\u00e4hlen Sie folgende Schritte<\/p>\n<ol>\n<li style=\"list-style-type: none;\">\n<ol>\n<li>Kundenstamm<\/li>\n<li><strong>&#8222;Suchen &#8211; F8&#8220;<\/strong><\/li>\n<li>Suchliste<\/li>\n<li>In dem Tabellenmen\u00fc <b>Drucken<\/b> w\u00e4hlen<\/li>\n<li><b>Adressetikett Format 1<\/b> oder <b>Format 2<\/b> ausw\u00e4hlen<\/li>\n<\/ol>\n<\/li>\n<\/ol>\n<p><i>(Adressetiketten werden gedruckt)<\/i><\/p>\n","protected":false},"excerpt":{"rendered":"<p>W\u00e4hlen Sie folgende Schritte Kundenstamm &#8222;Suchen &#8211; F8&#8220; Suchliste In dem Tabellenmen\u00fc Drucken w\u00e4hlen Adressetikett Format 1 oder Format 2 ausw\u00e4hlen (Adressetiketten werden gedruckt)<\/p>\n","protected":false},"author":3,"featured_media":0,"parent":26,"menu_order":0,"comment_status":"closed","ping_status":"closed","template":"","meta":{"footnotes":""},"class_list":["post-36","page","type-page","status-publish","hentry"],"_links":{"self":[{"href":"https:\/\/handbuch.sdigroup.de\/ctx\/index.php?rest_route=\/wp\/v2\/pages\/36","targetHints":{"allow":["GET"]}}],"collection":[{"href":"https:\/\/handbuch.sdigroup.de\/ctx\/index.php?rest_route=\/wp\/v2\/pages"}],"about":[{"href":"https:\/\/handbuch.sdigroup.de\/ctx\/index.php?rest_route=\/wp\/v2\/types\/page"}],"author":[{"embeddable":true,"href":"https:\/\/handbuch.sdigroup.de\/ctx\/index.php?rest_route=\/wp\/v2\/users\/3"}],"replies":[{"embeddable":true,"href":"https:\/\/handbuch.sdigroup.de\/ctx\/index.php?rest_route=%2Fwp%2Fv2%2Fcomments&post=36"}],"version-history":[{"count":4,"href":"https:\/\/handbuch.sdigroup.de\/ctx\/index.php?rest_route=\/wp\/v2\/pages\/36\/revisions"}],"predecessor-version":[{"id":1465,"href":"https:\/\/handbuch.sdigroup.de\/ctx\/index.php?rest_route=\/wp\/v2\/pages\/36\/revisions\/1465"}],"up":[{"embeddable":true,"href":"https:\/\/handbuch.sdigroup.de\/ctx\/index.php?rest_route=\/wp\/v2\/pages\/26"}],"wp:attachment":[{"href":"https:\/\/handbuch.sdigroup.de\/ctx\/index.php?rest_route=%2Fwp%2Fv2%2Fmedia&parent=36"}],"curies":[{"name":"wp","href":"https:\/\/api.w.org\/{rel}","templated":true}]}}