{"id":34,"date":"2016-02-23T15:45:04","date_gmt":"2016-02-23T14:45:04","guid":{"rendered":"http:\/\/handbuch.sdigroup.de\/ctx\/?page_id=34"},"modified":"2020-08-25T10:34:19","modified_gmt":"2020-08-25T08:34:19","slug":"kundenliste","status":"publish","type":"page","link":"https:\/\/handbuch.sdigroup.de\/ctx\/?page_id=34","title":{"rendered":"Kundenliste"},"content":{"rendered":"<p>W\u00e4hlen Sie folgende Schritte<\/p>\n<ol>\n<li style=\"list-style-type: none;\">\n<ol>\n<li><strong>&#8222;Kundenstamm &#8211; F5&#8220;<\/strong><\/li>\n<li><strong>Suchen &#8211; F8<\/strong><\/li>\n<li>Suchliste<\/li>\n<li>In dem Tabellenmen\u00fc <b>Drucken<\/b> w\u00e4hlen<\/li>\n<li>Auf &#8222;<b>Tabelle &#8211; F4&#8243;<\/b><\/li>\n<\/ol>\n<\/li>\n<\/ol>\n<p><i>(Kundenliste wird gedruckt)<\/i><\/p>\n","protected":false},"excerpt":{"rendered":"<p>W\u00e4hlen Sie folgende Schritte &#8222;Kundenstamm &#8211; F5&#8220; Suchen &#8211; F8 Suchliste In dem Tabellenmen\u00fc Drucken w\u00e4hlen Auf &#8222;Tabelle &#8211; F4&#8243; (Kundenliste wird gedruckt)<\/p>\n","protected":false},"author":3,"featured_media":0,"parent":26,"menu_order":0,"comment_status":"closed","ping_status":"closed","template":"","meta":{"footnotes":""},"class_list":["post-34","page","type-page","status-publish","hentry"],"_links":{"self":[{"href":"https:\/\/handbuch.sdigroup.de\/ctx\/index.php?rest_route=\/wp\/v2\/pages\/34","targetHints":{"allow":["GET"]}}],"collection":[{"href":"https:\/\/handbuch.sdigroup.de\/ctx\/index.php?rest_route=\/wp\/v2\/pages"}],"about":[{"href":"https:\/\/handbuch.sdigroup.de\/ctx\/index.php?rest_route=\/wp\/v2\/types\/page"}],"author":[{"embeddable":true,"href":"https:\/\/handbuch.sdigroup.de\/ctx\/index.php?rest_route=\/wp\/v2\/users\/3"}],"replies":[{"embeddable":true,"href":"https:\/\/handbuch.sdigroup.de\/ctx\/index.php?rest_route=%2Fwp%2Fv2%2Fcomments&post=34"}],"version-history":[{"count":3,"href":"https:\/\/handbuch.sdigroup.de\/ctx\/index.php?rest_route=\/wp\/v2\/pages\/34\/revisions"}],"predecessor-version":[{"id":1468,"href":"https:\/\/handbuch.sdigroup.de\/ctx\/index.php?rest_route=\/wp\/v2\/pages\/34\/revisions\/1468"}],"up":[{"embeddable":true,"href":"https:\/\/handbuch.sdigroup.de\/ctx\/index.php?rest_route=\/wp\/v2\/pages\/26"}],"wp:attachment":[{"href":"https:\/\/handbuch.sdigroup.de\/ctx\/index.php?rest_route=%2Fwp%2Fv2%2Fmedia&parent=34"}],"curies":[{"name":"wp","href":"https:\/\/api.w.org\/{rel}","templated":true}]}}