{"id":316,"date":"2016-07-01T15:10:34","date_gmt":"2016-07-01T13:10:34","guid":{"rendered":"http:\/\/handbuch.sdigroup.de\/ctx\/?page_id=316"},"modified":"2020-08-24T17:57:58","modified_gmt":"2020-08-24T15:57:58","slug":"kunde-moechte-mit-gutschein-bezahlen","status":"publish","type":"page","link":"https:\/\/handbuch.sdigroup.de\/ctx\/?page_id=316","title":{"rendered":"Mit Gutschein bezahlen"},"content":{"rendered":"<ol>\n<li style=\"list-style-type: none;\">\n<ol>\n<li>Kasse<\/li>\n<li><strong>Beleg<\/strong> bei Bearbeitungsart ausw\u00e4hlen<\/li>\n<li>Beim Bedarf, Kunden aus dem Men\u00fc w\u00e4hlen<\/li>\n<li>Artikel abscannen oder manuell eingeben.<\/li>\n<li>Guthaben w\u00e4hlen oder scannen.<\/li>\n<li><img decoding=\"async\" src=\"https:\/\/image.ibb.co\/nngjKe\/mit_gutschein_bezahlen_1.png\" \/><\/li>\n<li>Gutscheinnummer eingeben und Summe definieren.<\/li>\n<li><img decoding=\"async\" src=\"https:\/\/image.ibb.co\/dQRWDU\/Gutschein_erwerben_2.png\" \/><\/li>\n<li><strong>F4<\/strong> f\u00fcr Zahlung\/Drucken dr\u00fccken und Zahlungsmoralit\u00e4t kl\u00e4ren<\/li>\n<li><img loading=\"lazy\" decoding=\"async\" class=\"\" src=\"https:\/\/image.ibb.co\/jG1EHp\/Kunde_m_chte_ware_Kaufen.png\" width=\"491\" height=\"322\" \/><\/li>\n<\/ol>\n<\/li>\n<\/ol>\n","protected":false},"excerpt":{"rendered":"<p>Kasse Beleg bei Bearbeitungsart ausw\u00e4hlen Beim Bedarf, Kunden aus dem Men\u00fc w\u00e4hlen Artikel abscannen oder manuell eingeben. Guthaben w\u00e4hlen oder scannen. Gutscheinnummer eingeben und Summe definieren. F4 f\u00fcr Zahlung\/Drucken dr\u00fccken und Zahlungsmoralit\u00e4t kl\u00e4ren<\/p>\n","protected":false},"author":5,"featured_media":0,"parent":24,"menu_order":0,"comment_status":"closed","ping_status":"closed","template":"","meta":{"footnotes":""},"class_list":["post-316","page","type-page","status-publish","hentry"],"_links":{"self":[{"href":"https:\/\/handbuch.sdigroup.de\/ctx\/index.php?rest_route=\/wp\/v2\/pages\/316","targetHints":{"allow":["GET"]}}],"collection":[{"href":"https:\/\/handbuch.sdigroup.de\/ctx\/index.php?rest_route=\/wp\/v2\/pages"}],"about":[{"href":"https:\/\/handbuch.sdigroup.de\/ctx\/index.php?rest_route=\/wp\/v2\/types\/page"}],"author":[{"embeddable":true,"href":"https:\/\/handbuch.sdigroup.de\/ctx\/index.php?rest_route=\/wp\/v2\/users\/5"}],"replies":[{"embeddable":true,"href":"https:\/\/handbuch.sdigroup.de\/ctx\/index.php?rest_route=%2Fwp%2Fv2%2Fcomments&post=316"}],"version-history":[{"count":6,"href":"https:\/\/handbuch.sdigroup.de\/ctx\/index.php?rest_route=\/wp\/v2\/pages\/316\/revisions"}],"predecessor-version":[{"id":1452,"href":"https:\/\/handbuch.sdigroup.de\/ctx\/index.php?rest_route=\/wp\/v2\/pages\/316\/revisions\/1452"}],"up":[{"embeddable":true,"href":"https:\/\/handbuch.sdigroup.de\/ctx\/index.php?rest_route=\/wp\/v2\/pages\/24"}],"wp:attachment":[{"href":"https:\/\/handbuch.sdigroup.de\/ctx\/index.php?rest_route=%2Fwp%2Fv2%2Fmedia&parent=316"}],"curies":[{"name":"wp","href":"https:\/\/api.w.org\/{rel}","templated":true}]}}