{"id":314,"date":"2016-07-01T15:10:13","date_gmt":"2016-07-01T13:10:13","guid":{"rendered":"http:\/\/handbuch.sdigroup.de\/ctx\/?page_id=314"},"modified":"2020-08-24T17:09:34","modified_gmt":"2020-08-24T15:09:34","slug":"kunde-moechte-einen-gutschein-erwerben","status":"publish","type":"page","link":"https:\/\/handbuch.sdigroup.de\/ctx\/?page_id=314","title":{"rendered":"Gutschein erwerben"},"content":{"rendered":"<ol>\n<li>Kasse<\/li>\n<li><strong>Beleg<\/strong> bei Bearbeitungsart ausw\u00e4hlen<\/li>\n<li>Kunden aus dem Men\u00fc w\u00e4hlen<\/li>\n<li><b>&#8222;Gutscheinkauf&#8220;<\/b> als Artikelnummer eingeben oder Scannen und Summe definieren. Bedingung: Artikel Gutschein muss im Lager angelegt sein.<\/li>\n<li><img loading=\"lazy\" decoding=\"async\" class=\"\" src=\"https:\/\/image.ibb.co\/bCb3A9\/Gutschein_erwerben_1.png\" width=\"239\" height=\"321\" \/><\/li>\n<li><strong>&#8222;F4&#8220;<\/strong> f\u00fcr <strong>Drucken<\/strong> dr\u00fccken und Zahlungsmoralit\u00e4t kl\u00e4ren<\/li>\n<\/ol>\n<p><img loading=\"lazy\" decoding=\"async\" class=\"\" src=\"https:\/\/image.ibb.co\/dQRWDU\/Gutschein_erwerben_2.png\" width=\"322\" height=\"270\" \/><\/p>\n","protected":false},"excerpt":{"rendered":"<p>Kasse Beleg bei Bearbeitungsart ausw\u00e4hlen Kunden aus dem Men\u00fc w\u00e4hlen &#8222;Gutscheinkauf&#8220; als Artikelnummer eingeben oder Scannen und Summe definieren. Bedingung: Artikel Gutschein muss im Lager angelegt sein. &#8222;F4&#8220; f\u00fcr Drucken dr\u00fccken und Zahlungsmoralit\u00e4t kl\u00e4ren<\/p>\n","protected":false},"author":5,"featured_media":0,"parent":24,"menu_order":0,"comment_status":"closed","ping_status":"closed","template":"","meta":{"footnotes":""},"class_list":["post-314","page","type-page","status-publish","hentry"],"_links":{"self":[{"href":"https:\/\/handbuch.sdigroup.de\/ctx\/index.php?rest_route=\/wp\/v2\/pages\/314","targetHints":{"allow":["GET"]}}],"collection":[{"href":"https:\/\/handbuch.sdigroup.de\/ctx\/index.php?rest_route=\/wp\/v2\/pages"}],"about":[{"href":"https:\/\/handbuch.sdigroup.de\/ctx\/index.php?rest_route=\/wp\/v2\/types\/page"}],"author":[{"embeddable":true,"href":"https:\/\/handbuch.sdigroup.de\/ctx\/index.php?rest_route=\/wp\/v2\/users\/5"}],"replies":[{"embeddable":true,"href":"https:\/\/handbuch.sdigroup.de\/ctx\/index.php?rest_route=%2Fwp%2Fv2%2Fcomments&post=314"}],"version-history":[{"count":9,"href":"https:\/\/handbuch.sdigroup.de\/ctx\/index.php?rest_route=\/wp\/v2\/pages\/314\/revisions"}],"predecessor-version":[{"id":1441,"href":"https:\/\/handbuch.sdigroup.de\/ctx\/index.php?rest_route=\/wp\/v2\/pages\/314\/revisions\/1441"}],"up":[{"embeddable":true,"href":"https:\/\/handbuch.sdigroup.de\/ctx\/index.php?rest_route=\/wp\/v2\/pages\/24"}],"wp:attachment":[{"href":"https:\/\/handbuch.sdigroup.de\/ctx\/index.php?rest_route=%2Fwp%2Fv2%2Fmedia&parent=314"}],"curies":[{"name":"wp","href":"https:\/\/api.w.org\/{rel}","templated":true}]}}