{"id":312,"date":"2016-07-01T15:09:50","date_gmt":"2016-07-01T13:09:50","guid":{"rendered":"http:\/\/handbuch.sdigroup.de\/ctx\/?page_id=312"},"modified":"2020-08-24T17:20:31","modified_gmt":"2020-08-24T15:20:31","slug":"kunde-kommt-zurueck-und-will-ware-mit-aelterer-gutschrift-begleichen","status":"publish","type":"page","link":"https:\/\/handbuch.sdigroup.de\/ctx\/?page_id=312","title":{"rendered":"Gutschrift einl\u00f6sen"},"content":{"rendered":"<ol>\n<li>Kasse<\/li>\n<li><strong>Beleg<\/strong> bei Bearbeitungsart ausw\u00e4hlen<\/li>\n<li>Kunden aus dem Men\u00fc w\u00e4hlen<\/li>\n<li>\u00dcberpr\u00fcfen ob Barcode AN oder AUS ist<\/li>\n<li>Artikel abscannen oder manuell eingeben<\/li>\n<li><strong>&#8222;F4&#8220;<\/strong> f\u00fcr Drucken dr\u00fccken und auf Gutschriftsliste klicken, nun die Gutschrift aus der Gutschriftsliste ausw\u00e4hlen, welche verrechnet werden soll und Gutschrift als Zahlungsmittel w\u00e4hlen<\/li>\n<li>Restbetr\u00e4ge k\u00f6nnen dann \u00fcber andere Zahlungsmittel verrechnet werden<\/li>\n<\/ol>\n","protected":false},"excerpt":{"rendered":"<p>Kasse Beleg bei Bearbeitungsart ausw\u00e4hlen Kunden aus dem Men\u00fc w\u00e4hlen \u00dcberpr\u00fcfen ob Barcode AN oder AUS ist Artikel abscannen oder manuell eingeben &#8222;F4&#8220; f\u00fcr Drucken dr\u00fccken und auf Gutschriftsliste klicken, nun die Gutschrift aus der Gutschriftsliste ausw\u00e4hlen, welche verrechnet werden soll und Gutschrift als Zahlungsmittel w\u00e4hlen Restbetr\u00e4ge k\u00f6nnen dann \u00fcber andere Zahlungsmittel verrechnet werden<\/p>\n","protected":false},"author":5,"featured_media":0,"parent":24,"menu_order":0,"comment_status":"closed","ping_status":"closed","template":"","meta":{"footnotes":""},"class_list":["post-312","page","type-page","status-publish","hentry"],"_links":{"self":[{"href":"https:\/\/handbuch.sdigroup.de\/ctx\/index.php?rest_route=\/wp\/v2\/pages\/312","targetHints":{"allow":["GET"]}}],"collection":[{"href":"https:\/\/handbuch.sdigroup.de\/ctx\/index.php?rest_route=\/wp\/v2\/pages"}],"about":[{"href":"https:\/\/handbuch.sdigroup.de\/ctx\/index.php?rest_route=\/wp\/v2\/types\/page"}],"author":[{"embeddable":true,"href":"https:\/\/handbuch.sdigroup.de\/ctx\/index.php?rest_route=\/wp\/v2\/users\/5"}],"replies":[{"embeddable":true,"href":"https:\/\/handbuch.sdigroup.de\/ctx\/index.php?rest_route=%2Fwp%2Fv2%2Fcomments&post=312"}],"version-history":[{"count":4,"href":"https:\/\/handbuch.sdigroup.de\/ctx\/index.php?rest_route=\/wp\/v2\/pages\/312\/revisions"}],"predecessor-version":[{"id":1442,"href":"https:\/\/handbuch.sdigroup.de\/ctx\/index.php?rest_route=\/wp\/v2\/pages\/312\/revisions\/1442"}],"up":[{"embeddable":true,"href":"https:\/\/handbuch.sdigroup.de\/ctx\/index.php?rest_route=\/wp\/v2\/pages\/24"}],"wp:attachment":[{"href":"https:\/\/handbuch.sdigroup.de\/ctx\/index.php?rest_route=%2Fwp%2Fv2%2Fmedia&parent=312"}],"curies":[{"name":"wp","href":"https:\/\/api.w.org\/{rel}","templated":true}]}}