{"id":308,"date":"2016-07-01T15:08:53","date_gmt":"2016-07-01T13:08:53","guid":{"rendered":"http:\/\/handbuch.sdigroup.de\/ctx\/?page_id=308"},"modified":"2022-08-11T15:56:34","modified_gmt":"2022-08-11T13:56:34","slug":"kunde-moechte-ware-normal-kaufen","status":"publish","type":"page","link":"https:\/\/handbuch.sdigroup.de\/ctx\/?page_id=308","title":{"rendered":"Kunde m\u00f6chte Ware kaufen"},"content":{"rendered":"<ol>\n<li>\u00d6ffnen Sie die Kasse.<\/li>\n<li>&#8222;Beleg&#8220; ausw\u00e4hlen.<\/li>\n<li><img loading=\"lazy\" decoding=\"async\" class=\"alignnone wp-image-1435 size-medium\" src=\"https:\/\/handbuch.sdigroup.de\/ctx\/wp-content\/uploads\/bild-2-300x29.png\" alt=\"\" width=\"300\" height=\"29\" srcset=\"https:\/\/handbuch.sdigroup.de\/ctx\/wp-content\/uploads\/bild-2-300x29.png 300w, https:\/\/handbuch.sdigroup.de\/ctx\/wp-content\/uploads\/bild-2.png 362w\" sizes=\"auto, (max-width: 300px) 100vw, 300px\" \/><\/li>\n<li>Kunden aus dem Men\u00fc w\u00e4hlen <b>(optional)<\/b><\/li>\n<li>Artikel abscannen oder manuell eingeben.<\/li>\n<li><strong>&#8222;F4&#8220;<\/strong> f\u00fcr Drucken dr\u00fccken und Zahlungsart w\u00e4hlen.<\/li>\n<\/ol>\n<p><img loading=\"lazy\" decoding=\"async\" class=\"\" src=\"https:\/\/image.ibb.co\/jG1EHp\/Kunde_m_chte_ware_Kaufen.png\" width=\"368\" height=\"241\" \/><\/p>\n","protected":false},"excerpt":{"rendered":"<p>\u00d6ffnen Sie die Kasse. &#8222;Beleg&#8220; ausw\u00e4hlen. Kunden aus dem Men\u00fc w\u00e4hlen (optional) Artikel abscannen oder manuell eingeben. &#8222;F4&#8220; f\u00fcr Drucken dr\u00fccken und Zahlungsart w\u00e4hlen.<\/p>\n","protected":false},"author":5,"featured_media":0,"parent":24,"menu_order":0,"comment_status":"closed","ping_status":"closed","template":"","meta":{"footnotes":""},"class_list":["post-308","page","type-page","status-publish","hentry"],"_links":{"self":[{"href":"https:\/\/handbuch.sdigroup.de\/ctx\/index.php?rest_route=\/wp\/v2\/pages\/308","targetHints":{"allow":["GET"]}}],"collection":[{"href":"https:\/\/handbuch.sdigroup.de\/ctx\/index.php?rest_route=\/wp\/v2\/pages"}],"about":[{"href":"https:\/\/handbuch.sdigroup.de\/ctx\/index.php?rest_route=\/wp\/v2\/types\/page"}],"author":[{"embeddable":true,"href":"https:\/\/handbuch.sdigroup.de\/ctx\/index.php?rest_route=\/wp\/v2\/users\/5"}],"replies":[{"embeddable":true,"href":"https:\/\/handbuch.sdigroup.de\/ctx\/index.php?rest_route=%2Fwp%2Fv2%2Fcomments&post=308"}],"version-history":[{"count":8,"href":"https:\/\/handbuch.sdigroup.de\/ctx\/index.php?rest_route=\/wp\/v2\/pages\/308\/revisions"}],"predecessor-version":[{"id":1523,"href":"https:\/\/handbuch.sdigroup.de\/ctx\/index.php?rest_route=\/wp\/v2\/pages\/308\/revisions\/1523"}],"up":[{"embeddable":true,"href":"https:\/\/handbuch.sdigroup.de\/ctx\/index.php?rest_route=\/wp\/v2\/pages\/24"}],"wp:attachment":[{"href":"https:\/\/handbuch.sdigroup.de\/ctx\/index.php?rest_route=%2Fwp%2Fv2%2Fmedia&parent=308"}],"curies":[{"name":"wp","href":"https:\/\/api.w.org\/{rel}","templated":true}]}}