{"id":275,"date":"2016-07-01T14:29:06","date_gmt":"2016-07-01T12:29:06","guid":{"rendered":"http:\/\/handbuch.sdigroup.de\/ctx\/?page_id=275"},"modified":"2020-08-25T10:24:59","modified_gmt":"2020-08-25T08:24:59","slug":"externer-serienbrief","status":"publish","type":"page","link":"https:\/\/handbuch.sdigroup.de\/ctx\/?page_id=275","title":{"rendered":"Externer Serienbrief"},"content":{"rendered":"<ol>\n<li>Serienbrief mit Word f\u00fcr Windows schreiben &#8211; dann zu Cashtex wechseln:<\/li>\n<li><strong>Kundenstamm<\/strong><\/li>\n<li>Kunden suchen<\/li>\n<li><strong>&#8222;Suchliste&#8220;<\/strong><\/li>\n<li>In der &#8222;<b>Men\u00fcleiste&#8220;<\/b> w\u00e4hlen Sie &#8222;<b>Export&#8220;<\/b><\/li>\n<li>HD Mode erstellt im Verzeichnis C:\\SDIBASE\\ eine Datei mit Namen <b>odcb.txt<\/b>. Diese Datei ist die Datenquelle f\u00fcr den Word f\u00fcr Windows-Serienbrief, wird im n\u00e4chsten Schritt gem\u00e4\u00df Word f\u00fcr Windows-Handbuch mit dem Serienbrief verbunden und dann in Word f\u00fcr Windows ausgedruckt.<\/li>\n<\/ol>\n","protected":false},"excerpt":{"rendered":"<p>Serienbrief mit Word f\u00fcr Windows schreiben &#8211; dann zu Cashtex wechseln: Kundenstamm Kunden suchen &#8222;Suchliste&#8220; In der &#8222;Men\u00fcleiste&#8220; w\u00e4hlen Sie &#8222;Export&#8220; HD Mode erstellt im Verzeichnis C:\\SDIBASE\\ eine Datei mit Namen odcb.txt. Diese Datei ist die Datenquelle f\u00fcr den Word f\u00fcr Windows-Serienbrief, wird im n\u00e4chsten Schritt gem\u00e4\u00df Word f\u00fcr Windows-Handbuch mit dem Serienbrief verbunden und [&hellip;]<\/p>\n","protected":false},"author":5,"featured_media":0,"parent":24,"menu_order":0,"comment_status":"closed","ping_status":"closed","template":"","meta":{"footnotes":""},"class_list":["post-275","page","type-page","status-publish","hentry"],"_links":{"self":[{"href":"https:\/\/handbuch.sdigroup.de\/ctx\/index.php?rest_route=\/wp\/v2\/pages\/275","targetHints":{"allow":["GET"]}}],"collection":[{"href":"https:\/\/handbuch.sdigroup.de\/ctx\/index.php?rest_route=\/wp\/v2\/pages"}],"about":[{"href":"https:\/\/handbuch.sdigroup.de\/ctx\/index.php?rest_route=\/wp\/v2\/types\/page"}],"author":[{"embeddable":true,"href":"https:\/\/handbuch.sdigroup.de\/ctx\/index.php?rest_route=\/wp\/v2\/users\/5"}],"replies":[{"embeddable":true,"href":"https:\/\/handbuch.sdigroup.de\/ctx\/index.php?rest_route=%2Fwp%2Fv2%2Fcomments&post=275"}],"version-history":[{"count":5,"href":"https:\/\/handbuch.sdigroup.de\/ctx\/index.php?rest_route=\/wp\/v2\/pages\/275\/revisions"}],"predecessor-version":[{"id":1464,"href":"https:\/\/handbuch.sdigroup.de\/ctx\/index.php?rest_route=\/wp\/v2\/pages\/275\/revisions\/1464"}],"up":[{"embeddable":true,"href":"https:\/\/handbuch.sdigroup.de\/ctx\/index.php?rest_route=\/wp\/v2\/pages\/24"}],"wp:attachment":[{"href":"https:\/\/handbuch.sdigroup.de\/ctx\/index.php?rest_route=%2Fwp%2Fv2%2Fmedia&parent=275"}],"curies":[{"name":"wp","href":"https:\/\/api.w.org\/{rel}","templated":true}]}}