{"id":271,"date":"2016-07-01T14:28:40","date_gmt":"2016-07-01T12:28:40","guid":{"rendered":"http:\/\/handbuch.sdigroup.de\/ctx\/?page_id=271"},"modified":"2022-07-27T11:49:03","modified_gmt":"2022-07-27T09:49:03","slug":"loeschen","status":"publish","type":"page","link":"https:\/\/handbuch.sdigroup.de\/ctx\/?page_id=271","title":{"rendered":"L\u00f6schen"},"content":{"rendered":"<ol>\n<li style=\"list-style-type: none;\">\n<ol>\n<li style=\"list-style-type: none;\">\n<ol>\n<li>Kunden<\/li>\n<li>Kunden suchen<\/li>\n<li>L\u00f6schen<\/li>\n<\/ol>\n<\/li>\n<\/ol>\n<\/li>\n<\/ol>\n<p>Sie werden gefragt<\/p>\n<p><b>Datensatznummer mit L\u00f6schen ?<\/b><\/p>\n<ol type=\"circle\">\n<li style=\"list-style-type: none;\">\n<ol type=\"circle\">\n<li style=\"list-style-type: none;\">\n<ol type=\"circle\">\n<li><b>Ja<\/b> &#8211; L\u00f6scht die Datensatznummer mit.<\/li>\n<\/ol>\n<\/li>\n<\/ol>\n<\/li>\n<\/ol>\n<p>Die Kundennummer wird nicht mehr vergeben.<\/p>\n<ol type=\"circle\">\n<li style=\"list-style-type: none;\">\n<ol type=\"circle\">\n<li style=\"list-style-type: none;\">\n<ol type=\"circle\">\n<li><b>Nein<\/b> &#8211; L\u00f6scht die Datensatznummer nicht mit.<\/li>\n<\/ol>\n<\/li>\n<\/ol>\n<\/li>\n<\/ol>\n<p>Die Kundeninformationen werden gel\u00f6scht und die Nummer beibehalten. Sie k\u00f6nnen nachtr\u00e4glich einen neuen Kunden unter der Kundennummer abspeichern. Sie finden diese Kundennummern mit dem Suchbegriff<\/p>\n<p><b>LEER<\/b><\/p>\n<ol type=\"circle\">(egal in welchem Feld Sie es eintragen).<\/ol>\n<p>Kundendaten sind \u00fcbernommen wenn das &#8222;<b>\u00dcbernehmen &#8211; F7&#8243;<\/b> &#8211; Feld wieder grau ist.<\/p>\n<p>Notiz &#8211; Datensatznummer und Kundennummer sind das gleiche.<\/p>\n\n","protected":false},"excerpt":{"rendered":"<p>Kunden Kunden suchen L\u00f6schen Sie werden gefragt Datensatznummer mit L\u00f6schen ? Ja &#8211; L\u00f6scht die Datensatznummer mit. Die Kundennummer wird nicht mehr vergeben. Nein &#8211; L\u00f6scht die Datensatznummer nicht mit. Die Kundeninformationen werden gel\u00f6scht und die Nummer beibehalten. Sie k\u00f6nnen nachtr\u00e4glich einen neuen Kunden unter der Kundennummer abspeichern. Sie finden diese Kundennummern mit dem Suchbegriff [&hellip;]<\/p>\n","protected":false},"author":5,"featured_media":0,"parent":24,"menu_order":0,"comment_status":"closed","ping_status":"closed","template":"","meta":{"footnotes":""},"class_list":["post-271","page","type-page","status-publish","hentry"],"_links":{"self":[{"href":"https:\/\/handbuch.sdigroup.de\/ctx\/index.php?rest_route=\/wp\/v2\/pages\/271","targetHints":{"allow":["GET"]}}],"collection":[{"href":"https:\/\/handbuch.sdigroup.de\/ctx\/index.php?rest_route=\/wp\/v2\/pages"}],"about":[{"href":"https:\/\/handbuch.sdigroup.de\/ctx\/index.php?rest_route=\/wp\/v2\/types\/page"}],"author":[{"embeddable":true,"href":"https:\/\/handbuch.sdigroup.de\/ctx\/index.php?rest_route=\/wp\/v2\/users\/5"}],"replies":[{"embeddable":true,"href":"https:\/\/handbuch.sdigroup.de\/ctx\/index.php?rest_route=%2Fwp%2Fv2%2Fcomments&post=271"}],"version-history":[{"count":4,"href":"https:\/\/handbuch.sdigroup.de\/ctx\/index.php?rest_route=\/wp\/v2\/pages\/271\/revisions"}],"predecessor-version":[{"id":1500,"href":"https:\/\/handbuch.sdigroup.de\/ctx\/index.php?rest_route=\/wp\/v2\/pages\/271\/revisions\/1500"}],"up":[{"embeddable":true,"href":"https:\/\/handbuch.sdigroup.de\/ctx\/index.php?rest_route=\/wp\/v2\/pages\/24"}],"wp:attachment":[{"href":"https:\/\/handbuch.sdigroup.de\/ctx\/index.php?rest_route=%2Fwp%2Fv2%2Fmedia&parent=271"}],"curies":[{"name":"wp","href":"https:\/\/api.w.org\/{rel}","templated":true}]}}