{"id":267,"date":"2016-07-01T14:28:16","date_gmt":"2016-07-01T12:28:16","guid":{"rendered":"http:\/\/handbuch.sdigroup.de\/ctx\/?page_id=267"},"modified":"2020-08-25T10:16:56","modified_gmt":"2020-08-25T08:16:56","slug":"anlegen","status":"publish","type":"page","link":"https:\/\/handbuch.sdigroup.de\/ctx\/?page_id=267","title":{"rendered":"Anlegen"},"content":{"rendered":"<p>Um einen Kunden anzulegen, k\u00f6nnen Sie wie folgt vorgehen:<\/p>\n<p><span style=\"color: #ffffff; background-color: #999999;\">Schritt 1<\/span><\/p>\n<p>Zun\u00e4chst gehen Sie in das Hauptmen\u00fc und dr\u00fccken dann auf den &#8222;<strong>Kundenstamm &#8211; F5<\/strong>&#8222;.<\/p>\n<p><span style=\"color: #ffffff; background-color: #999999;\">Schritt 2<\/span><\/p>\n<p>Um einen neuen Kunden anzulegen, dr\u00fccken Sie auf &#8222;<strong>Neu &#8211; F5<\/strong>&#8220; und beantworten die Frage &#8220; <strong>Wollen Sie einen neue Kundennummer?<\/strong>&#8220; mit &#8222;<strong>JA<\/strong>&#8222;.<\/p>\n<p><span style=\"color: #ffffff; background-color: #999999;\">Schritt 3<\/span><\/p>\n<p>In diesem abschnitt sollten Sie bereits einen Kundennummer bekommen haben. Als n\u00e4chstes tragen Sie die Daten von ihrem neuen Kunden ein. Hierbei ist es zu beachten, dass die Felder <strong>Kunde (L\/O)<\/strong> und <strong>St.-Nr.<\/strong> leer gelassen werden.<\/p>\n<p><span style=\"color: #ffffff; background-color: #999999;\">Schritt 4<\/span><\/p>\n<p>Nach dem Sie die Kundendaten auf Korrektheit \u00fcberpr\u00fcft haben, bet\u00e4tigen Sie den Knopf &#8222;<strong>Anlegen &#8211; F6<\/strong>&#8222;. Nun Sollten Sie einen Neuen Kunden im Verzeichnis haben.<\/p>\n<p><span style=\"font-size: 12pt;\">*<span style=\"background-color: #ffff00;\"><em>Gelb hinterlegte Felder sind Pflichtfelder!<\/em><\/span><\/span><\/p>\n<p><span style=\"font-size: 12pt; background-color: #ff0000; color: #ffffff;\">*Falls die Lieferadresse von der Rechnungsadresse abweichen sollte, w\u00e4re diese separat einzutragen*.<\/span><\/p>\n","protected":false},"excerpt":{"rendered":"<p>Um einen Kunden anzulegen, k\u00f6nnen Sie wie folgt vorgehen: Schritt 1 Zun\u00e4chst gehen Sie in das Hauptmen\u00fc und dr\u00fccken dann auf den &#8222;Kundenstamm &#8211; F5&#8222;. Schritt 2 Um einen neuen Kunden anzulegen, dr\u00fccken Sie auf &#8222;Neu &#8211; F5&#8220; und beantworten die Frage &#8220; Wollen Sie einen neue Kundennummer?&#8220; mit &#8222;JA&#8222;. Schritt 3 In diesem abschnitt [&hellip;]<\/p>\n","protected":false},"author":5,"featured_media":0,"parent":24,"menu_order":0,"comment_status":"closed","ping_status":"closed","template":"","meta":{"footnotes":""},"class_list":["post-267","page","type-page","status-publish","hentry"],"_links":{"self":[{"href":"https:\/\/handbuch.sdigroup.de\/ctx\/index.php?rest_route=\/wp\/v2\/pages\/267","targetHints":{"allow":["GET"]}}],"collection":[{"href":"https:\/\/handbuch.sdigroup.de\/ctx\/index.php?rest_route=\/wp\/v2\/pages"}],"about":[{"href":"https:\/\/handbuch.sdigroup.de\/ctx\/index.php?rest_route=\/wp\/v2\/types\/page"}],"author":[{"embeddable":true,"href":"https:\/\/handbuch.sdigroup.de\/ctx\/index.php?rest_route=\/wp\/v2\/users\/5"}],"replies":[{"embeddable":true,"href":"https:\/\/handbuch.sdigroup.de\/ctx\/index.php?rest_route=%2Fwp%2Fv2%2Fcomments&post=267"}],"version-history":[{"count":6,"href":"https:\/\/handbuch.sdigroup.de\/ctx\/index.php?rest_route=\/wp\/v2\/pages\/267\/revisions"}],"predecessor-version":[{"id":1498,"href":"https:\/\/handbuch.sdigroup.de\/ctx\/index.php?rest_route=\/wp\/v2\/pages\/267\/revisions\/1498"}],"up":[{"embeddable":true,"href":"https:\/\/handbuch.sdigroup.de\/ctx\/index.php?rest_route=\/wp\/v2\/pages\/24"}],"wp:attachment":[{"href":"https:\/\/handbuch.sdigroup.de\/ctx\/index.php?rest_route=%2Fwp%2Fv2%2Fmedia&parent=267"}],"curies":[{"name":"wp","href":"https:\/\/api.w.org\/{rel}","templated":true}]}}