{"id":263,"date":"2016-07-01T14:27:53","date_gmt":"2016-07-01T12:27:53","guid":{"rendered":"http:\/\/handbuch.sdigroup.de\/ctx\/?page_id=263"},"modified":"2020-08-24T14:43:18","modified_gmt":"2020-08-24T12:43:18","slug":"daten","status":"publish","type":"page","link":"https:\/\/handbuch.sdigroup.de\/ctx\/?page_id=263","title":{"rendered":"Daten"},"content":{"rendered":"<p>Sie k\u00f6nnen ein oder bzw. mehrere Kunden anhand von mehreren Kriterien suchen, in einer Tabelle anzeigen und ausdrucken. Bitte beachten Sie, dass in diesem Fall keine \u00c4nderungen vornehmen k\u00f6nnen.<\/p>\n<p>Um dies zutun k\u00f6nnen Sie wie folgt vorgehen:<\/p>\n<p><span style=\"background-color: #999999; color: #ffffff;\">Schritt 1<\/span><\/p>\n<p>Zuerst sollten Sie im Hauptmen\u00fc sein und die Taste &#8222;<strong>F5<\/strong>&#8220; oder &#8222;<strong>Kundenstamm<\/strong>&#8220; bet\u00e4tigen\/Ausw\u00e4hlen.<\/p>\n<p><span style=\"background-color: #999999; color: #ffffff;\">Schritt 2<\/span><\/p>\n<p>Als n\u00e4chstes sollten Sie die Vorhanden Kundenkriterien Ordnungsgem\u00e4\u00df eintragen, nach einer erfolgreichen Eingabe bet\u00e4tigen Sie nur noch den Knopf \u00a0&#8222;<strong>Suchen &#8211;\u00a0 F8&#8243;<\/strong>\u00a0aus.<\/p>\n<p><img loading=\"lazy\" decoding=\"async\" class=\"alignnone size-full wp-image-934\" src=\"https:\/\/handbuch.sdigroup.de\/ctx\/wp-content\/uploads\/Suchen-F8.png\" alt=\"\" width=\"96\" height=\"66\" \/><\/p>\n\n","protected":false},"excerpt":{"rendered":"<p>Sie k\u00f6nnen ein oder bzw. mehrere Kunden anhand von mehreren Kriterien suchen, in einer Tabelle anzeigen und ausdrucken. Bitte beachten Sie, dass in diesem Fall keine \u00c4nderungen vornehmen k\u00f6nnen. Um dies zutun k\u00f6nnen Sie wie folgt vorgehen: Schritt 1 Zuerst sollten Sie im Hauptmen\u00fc sein und die Taste &#8222;F5&#8220; oder &#8222;Kundenstamm&#8220; bet\u00e4tigen\/Ausw\u00e4hlen. Schritt 2 Als [&hellip;]<\/p>\n","protected":false},"author":5,"featured_media":0,"parent":24,"menu_order":0,"comment_status":"closed","ping_status":"closed","template":"","meta":{"footnotes":""},"class_list":["post-263","page","type-page","status-publish","hentry"],"_links":{"self":[{"href":"https:\/\/handbuch.sdigroup.de\/ctx\/index.php?rest_route=\/wp\/v2\/pages\/263","targetHints":{"allow":["GET"]}}],"collection":[{"href":"https:\/\/handbuch.sdigroup.de\/ctx\/index.php?rest_route=\/wp\/v2\/pages"}],"about":[{"href":"https:\/\/handbuch.sdigroup.de\/ctx\/index.php?rest_route=\/wp\/v2\/types\/page"}],"author":[{"embeddable":true,"href":"https:\/\/handbuch.sdigroup.de\/ctx\/index.php?rest_route=\/wp\/v2\/users\/5"}],"replies":[{"embeddable":true,"href":"https:\/\/handbuch.sdigroup.de\/ctx\/index.php?rest_route=%2Fwp%2Fv2%2Fcomments&post=263"}],"version-history":[{"count":5,"href":"https:\/\/handbuch.sdigroup.de\/ctx\/index.php?rest_route=\/wp\/v2\/pages\/263\/revisions"}],"predecessor-version":[{"id":1413,"href":"https:\/\/handbuch.sdigroup.de\/ctx\/index.php?rest_route=\/wp\/v2\/pages\/263\/revisions\/1413"}],"up":[{"embeddable":true,"href":"https:\/\/handbuch.sdigroup.de\/ctx\/index.php?rest_route=\/wp\/v2\/pages\/24"}],"wp:attachment":[{"href":"https:\/\/handbuch.sdigroup.de\/ctx\/index.php?rest_route=%2Fwp%2Fv2%2Fmedia&parent=263"}],"curies":[{"name":"wp","href":"https:\/\/api.w.org\/{rel}","templated":true}]}}