{"id":257,"date":"2016-07-01T14:23:28","date_gmt":"2016-07-01T12:23:28","guid":{"rendered":"http:\/\/handbuch.sdigroup.de\/ctx\/?page_id=257"},"modified":"2019-05-23T16:22:05","modified_gmt":"2019-05-23T14:22:05","slug":"stammdaten-loeschen-2","status":"publish","type":"page","link":"https:\/\/handbuch.sdigroup.de\/ctx\/?page_id=257","title":{"rendered":"Stammdaten- l\u00f6schen"},"content":{"rendered":"<ol>\n<ol>\n<li>Lieferanten<\/li>\n<li>Bet\u00e4tigen Sie die Schaltfl\u00e4che Neu (F5).<\/li>\n<li>Bei der Frage \u201eWollen Sie eine neue Lieferantennummer\u201c mit Nein beantworten. Das System vergibt keine neue Lieferantennummer.<\/li>\n<li>Gew\u00fcnschten Lieferanten suchen<\/li>\n<li>Schaltfl\u00e4che L\u00f6schen<\/li>\n<li>Frage mit <b>Nein<\/b> best\u00e4tigen (Lieferantennummer bleibt leer im System)<\/li>\n<li>Frage mit <b>JA<\/b> best\u00e4tigen<\/li>\n<\/ol>\n<\/ol>\n","protected":false},"excerpt":{"rendered":"<p>Lieferanten Bet\u00e4tigen Sie die Schaltfl\u00e4che Neu (F5). Bei der Frage \u201eWollen Sie eine neue Lieferantennummer\u201c mit Nein beantworten. Das System vergibt keine neue Lieferantennummer. Gew\u00fcnschten Lieferanten suchen Schaltfl\u00e4che L\u00f6schen Frage mit Nein best\u00e4tigen (Lieferantennummer bleibt leer im System) Frage mit JA best\u00e4tigen<\/p>\n","protected":false},"author":5,"featured_media":0,"parent":24,"menu_order":0,"comment_status":"closed","ping_status":"closed","template":"","meta":{"footnotes":""},"class_list":["post-257","page","type-page","status-publish","hentry"],"_links":{"self":[{"href":"https:\/\/handbuch.sdigroup.de\/ctx\/index.php?rest_route=\/wp\/v2\/pages\/257","targetHints":{"allow":["GET"]}}],"collection":[{"href":"https:\/\/handbuch.sdigroup.de\/ctx\/index.php?rest_route=\/wp\/v2\/pages"}],"about":[{"href":"https:\/\/handbuch.sdigroup.de\/ctx\/index.php?rest_route=\/wp\/v2\/types\/page"}],"author":[{"embeddable":true,"href":"https:\/\/handbuch.sdigroup.de\/ctx\/index.php?rest_route=\/wp\/v2\/users\/5"}],"replies":[{"embeddable":true,"href":"https:\/\/handbuch.sdigroup.de\/ctx\/index.php?rest_route=%2Fwp%2Fv2%2Fcomments&post=257"}],"version-history":[{"count":5,"href":"https:\/\/handbuch.sdigroup.de\/ctx\/index.php?rest_route=\/wp\/v2\/pages\/257\/revisions"}],"predecessor-version":[{"id":812,"href":"https:\/\/handbuch.sdigroup.de\/ctx\/index.php?rest_route=\/wp\/v2\/pages\/257\/revisions\/812"}],"up":[{"embeddable":true,"href":"https:\/\/handbuch.sdigroup.de\/ctx\/index.php?rest_route=\/wp\/v2\/pages\/24"}],"wp:attachment":[{"href":"https:\/\/handbuch.sdigroup.de\/ctx\/index.php?rest_route=%2Fwp%2Fv2%2Fmedia&parent=257"}],"curies":[{"name":"wp","href":"https:\/\/api.w.org\/{rel}","templated":true}]}}