{"id":241,"date":"2016-07-01T14:20:12","date_gmt":"2016-07-01T12:20:12","guid":{"rendered":"http:\/\/handbuch.sdigroup.de\/ctx\/?page_id=241"},"modified":"2020-08-25T11:45:49","modified_gmt":"2020-08-25T09:45:49","slug":"lieferanten","status":"publish","type":"page","link":"https:\/\/handbuch.sdigroup.de\/ctx\/?page_id=241","title":{"rendered":"Lieferanten"},"content":{"rendered":"<p>Das Modul Lieferantenverwaltung ist in zwei Bereiche unterteilt: <b>Lieferantenstamm Bearbeiten und Lieferanten-Rechnung\/OP Liste.<\/b><\/p>\n<p><img loading=\"lazy\" decoding=\"async\" class=\"alignnone size-full wp-image-799\" src=\"https:\/\/handbuch.sdigroup.de\/ctx\/wp-content\/uploads\/lieferantenstamm.png\" alt=\"lieferantenstamm\" width=\"997\" height=\"664\" srcset=\"https:\/\/handbuch.sdigroup.de\/ctx\/wp-content\/uploads\/lieferantenstamm.png 997w, https:\/\/handbuch.sdigroup.de\/ctx\/wp-content\/uploads\/lieferantenstamm-300x200.png 300w\" sizes=\"auto, (max-width: 997px) 100vw, 997px\" \/><\/p>\n<p>Die <b>Men\u00fcleiste<\/b> enth\u00e4lt zwei Pulldown-Men\u00fcs:<\/p>\n<ol type=\"circle\">\n<li>Das <b>Daten-Men\u00fc<\/b> beinhaltet die Befehle, die Sie auch \u00fcber die Schaltfl\u00e4chen bedienen k\u00f6nnen.<\/li>\n<li>Mit dem Men\u00fc <b>Fenster<\/b> k\u00f6nnen Sie in andere ge\u00f6ffnete Fenster wechseln, ohne das Lieferantenmodul schlie\u00dfen zu m\u00fcssen.<\/li>\n<\/ol>\n","protected":false},"excerpt":{"rendered":"<p>Das Modul Lieferantenverwaltung ist in zwei Bereiche unterteilt: Lieferantenstamm Bearbeiten und Lieferanten-Rechnung\/OP Liste. Die Men\u00fcleiste enth\u00e4lt zwei Pulldown-Men\u00fcs: Das Daten-Men\u00fc beinhaltet die Befehle, die Sie auch \u00fcber die Schaltfl\u00e4chen bedienen k\u00f6nnen. Mit dem Men\u00fc Fenster k\u00f6nnen Sie in andere ge\u00f6ffnete Fenster wechseln, ohne das Lieferantenmodul schlie\u00dfen zu m\u00fcssen.<\/p>\n","protected":false},"author":5,"featured_media":0,"parent":24,"menu_order":0,"comment_status":"closed","ping_status":"closed","template":"","meta":{"footnotes":""},"class_list":["post-241","page","type-page","status-publish","hentry"],"_links":{"self":[{"href":"https:\/\/handbuch.sdigroup.de\/ctx\/index.php?rest_route=\/wp\/v2\/pages\/241","targetHints":{"allow":["GET"]}}],"collection":[{"href":"https:\/\/handbuch.sdigroup.de\/ctx\/index.php?rest_route=\/wp\/v2\/pages"}],"about":[{"href":"https:\/\/handbuch.sdigroup.de\/ctx\/index.php?rest_route=\/wp\/v2\/types\/page"}],"author":[{"embeddable":true,"href":"https:\/\/handbuch.sdigroup.de\/ctx\/index.php?rest_route=\/wp\/v2\/users\/5"}],"replies":[{"embeddable":true,"href":"https:\/\/handbuch.sdigroup.de\/ctx\/index.php?rest_route=%2Fwp%2Fv2%2Fcomments&post=241"}],"version-history":[{"count":3,"href":"https:\/\/handbuch.sdigroup.de\/ctx\/index.php?rest_route=\/wp\/v2\/pages\/241\/revisions"}],"predecessor-version":[{"id":800,"href":"https:\/\/handbuch.sdigroup.de\/ctx\/index.php?rest_route=\/wp\/v2\/pages\/241\/revisions\/800"}],"up":[{"embeddable":true,"href":"https:\/\/handbuch.sdigroup.de\/ctx\/index.php?rest_route=\/wp\/v2\/pages\/24"}],"wp:attachment":[{"href":"https:\/\/handbuch.sdigroup.de\/ctx\/index.php?rest_route=%2Fwp%2Fv2%2Fmedia&parent=241"}],"curies":[{"name":"wp","href":"https:\/\/api.w.org\/{rel}","templated":true}]}}