{"id":219,"date":"2016-07-01T13:00:04","date_gmt":"2016-07-01T11:00:04","guid":{"rendered":"http:\/\/handbuch.sdigroup.de\/ctx\/?page_id=219"},"modified":"2022-08-11T15:52:23","modified_gmt":"2022-08-11T13:52:23","slug":"barcode-nachdruck","status":"publish","type":"page","link":"https:\/\/handbuch.sdigroup.de\/ctx\/?page_id=219","title":{"rendered":"Barcode Nachdruck"},"content":{"rendered":"<p>Um auch einen Barcode Nachdruck zu erstellen gehen Sie \u00e4hnlich wie bei einem Barcode Ausdruck vor, mit ein paar kleine aber <span style=\"background-color: #ff0000; color: #ffffff;\">WICHTIGE<\/span> Abweichungen.<\/p>\n<p><span style=\"background-color: #999999; color: #ffffff;\">Schritt 1<\/span><\/p>\n<p>F\u00fcr die Ausgabe eines Barcodes gehen Sie zuerst ins Hauptmen\u00fc, dann mit der Taste &#8222;<strong>F7<\/strong>&#8220; oder &#8222;<strong>Lager\/Artikelstamm<\/strong>&#8220; ausw\u00e4hlen.<\/p>\n<p><span style=\"background-color: #999999; color: #ffffff;\">Schritt 2<\/span><\/p>\n<p>Jetzt sollten Sie die M\u00f6glichkeit haben folgendes auszuw\u00e4hlen, &#8222;<strong>Artikel\/Lager-Bewegung<\/strong>&#8222;.<\/p>\n<p><span style=\"background-color: #999999; color: #ffffff;\">Schritt 3<\/span><\/p>\n<p><span id=\"decorator-corrected-entity-id-3\" data-entity-key=\"3\" data-offset-key=\"2bmcs-0-0\"><span data-offset-key=\"2bmcs-0-0\">Im<\/span><\/span><span data-offset-key=\"2bmcs-1-0\"> n\u00e4chsten <\/span><span id=\"decorator-corrected-entity-id-4\" data-entity-key=\"4\" data-offset-key=\"2bmcs-2-0\"><span data-offset-key=\"2bmcs-2-0\">Schritt<\/span><\/span><span data-offset-key=\"2bmcs-3-0\"> k\u00f6nnen Sie auf die Taste &#8222;<strong>F5<\/strong>&#8220; oder das Feld &#8222;<strong>Neu<\/strong>&#8220; ausw\u00e4hlen. <\/span><\/p>\n<p><img loading=\"lazy\" decoding=\"async\" class=\"alignnone size-full wp-image-933\" src=\"https:\/\/handbuch.sdigroup.de\/ctx\/wp-content\/uploads\/Neu-F5.png\" alt=\"\" width=\"93\" height=\"55\" \/><\/p>\n<p>Die Frage &#8222;<strong>Wollen Sie eine neue Artikelnummer?<\/strong>&#8220; sollen Sie mit &#8222;<strong>Nein<\/strong>&#8220; beantworten. Jetzt k\u00f6nnen Sie die vorhandene Artikelnummer eingeben und daraufhin die Taste &#8222;<strong>F8<\/strong>&#8220; oder das Feld &#8222;<strong>Suchen<\/strong>&#8220; ausw\u00e4hlen.<\/p>\n<p><img loading=\"lazy\" decoding=\"async\" class=\"alignnone size-full wp-image-934\" src=\"https:\/\/handbuch.sdigroup.de\/ctx\/wp-content\/uploads\/Suchen-F8.png\" alt=\"\" width=\"96\" height=\"66\" \/><\/p>\n<p><span style=\"background-color: #999999; color: #ffffff;\">Schritt 4<\/span><\/p>\n<p>Danach w\u00e4hlen Sie das Feld &#8222;<strong>Suchliste<\/strong>&#8220; aus.<\/p>\n<p><img loading=\"lazy\" decoding=\"async\" class=\"alignnone size-full wp-image-935\" src=\"https:\/\/handbuch.sdigroup.de\/ctx\/wp-content\/uploads\/Suchliste.png\" alt=\"\" width=\"92\" height=\"65\" \/><\/p>\n<p><img loading=\"lazy\" decoding=\"async\" class=\"alignnone wp-image-1505 size-full\" src=\"https:\/\/handbuch.sdigroup.de\/ctx\/wp-content\/uploads\/Screenshot_5.png\" alt=\"\" width=\"519\" height=\"47\" srcset=\"https:\/\/handbuch.sdigroup.de\/ctx\/wp-content\/uploads\/Screenshot_5.png 519w, https:\/\/handbuch.sdigroup.de\/ctx\/wp-content\/uploads\/Screenshot_5-300x27.png 300w\" sizes=\"auto, (max-width: 519px) 100vw, 519px\" \/><\/p>\n<p>In der Oberen Men\u00fcleiste k\u00f6nnen Sie dann &#8222;<strong>Barcode Druckoption<\/strong>&#8220; ausw\u00e4hlen.<\/p>\n<ol>\n<li style=\"list-style-type: none;\">\n<ol>\n<li>In den Gr\u00f6\u00dfen spalten k\u00f6nnen Sie Ihre eigene Anzahl zu druckender Barcode-Etiketten eingeben<\/li>\n<\/ol>\n<\/li>\n<\/ol>\n<ol>\n<li style=\"list-style-type: none;\">\n<ol>\n<li>In Spalte <strong>&#8222;Anzahl&#8220;<\/strong> steht die Summe der eingegebenen tats\u00e4chlichen St\u00fcckzahl, die ausgedruckt werden soll.<\/li>\n<\/ol>\n<\/li>\n<\/ol>\n<p><span style=\"background-color: #ff0000; color: #ffffff; font-size: 12pt;\">! Es ist zu beachten, dass eine Zeile nicht gedruckt wird, wenn keine Summe in der Spalte &#8222;Anzahl&#8220;<\/span><span style=\"background-color: #ff0000; color: #ffffff; font-size: 12pt;\"> steht. Somit k\u00f6nnen Sie den einen oder anderen Barcode nicht drucken. Bitte beachten Sie auch, dass die von ihnen manuell, f\u00fcr den Druck ge\u00e4nderte St\u00fcckzahl nicht den realen Wert des Warenbestandes beeinflusst!<\/span><\/p>\n<ol>\n<li style=\"list-style-type: none;\"><\/li>\n<\/ol>\n","protected":false},"excerpt":{"rendered":"<p>Um auch einen Barcode Nachdruck zu erstellen gehen Sie \u00e4hnlich wie bei einem Barcode Ausdruck vor, mit ein paar kleine aber WICHTIGE Abweichungen. Schritt 1 F\u00fcr die Ausgabe eines Barcodes gehen Sie zuerst ins Hauptmen\u00fc, dann mit der Taste &#8222;F7&#8220; oder &#8222;Lager\/Artikelstamm&#8220; ausw\u00e4hlen. Schritt 2 Jetzt sollten Sie die M\u00f6glichkeit haben folgendes auszuw\u00e4hlen, &#8222;Artikel\/Lager-Bewegung&#8222;. Schritt [&hellip;]<\/p>\n","protected":false},"author":5,"featured_media":0,"parent":24,"menu_order":0,"comment_status":"closed","ping_status":"closed","template":"","meta":{"footnotes":""},"class_list":["post-219","page","type-page","status-publish","hentry"],"_links":{"self":[{"href":"https:\/\/handbuch.sdigroup.de\/ctx\/index.php?rest_route=\/wp\/v2\/pages\/219","targetHints":{"allow":["GET"]}}],"collection":[{"href":"https:\/\/handbuch.sdigroup.de\/ctx\/index.php?rest_route=\/wp\/v2\/pages"}],"about":[{"href":"https:\/\/handbuch.sdigroup.de\/ctx\/index.php?rest_route=\/wp\/v2\/types\/page"}],"author":[{"embeddable":true,"href":"https:\/\/handbuch.sdigroup.de\/ctx\/index.php?rest_route=\/wp\/v2\/users\/5"}],"replies":[{"embeddable":true,"href":"https:\/\/handbuch.sdigroup.de\/ctx\/index.php?rest_route=%2Fwp%2Fv2%2Fcomments&post=219"}],"version-history":[{"count":14,"href":"https:\/\/handbuch.sdigroup.de\/ctx\/index.php?rest_route=\/wp\/v2\/pages\/219\/revisions"}],"predecessor-version":[{"id":1522,"href":"https:\/\/handbuch.sdigroup.de\/ctx\/index.php?rest_route=\/wp\/v2\/pages\/219\/revisions\/1522"}],"up":[{"embeddable":true,"href":"https:\/\/handbuch.sdigroup.de\/ctx\/index.php?rest_route=\/wp\/v2\/pages\/24"}],"wp:attachment":[{"href":"https:\/\/handbuch.sdigroup.de\/ctx\/index.php?rest_route=%2Fwp%2Fv2%2Fmedia&parent=219"}],"curies":[{"name":"wp","href":"https:\/\/api.w.org\/{rel}","templated":true}]}}