{"id":209,"date":"2016-07-01T12:58:35","date_gmt":"2016-07-01T10:58:35","guid":{"rendered":"http:\/\/handbuch.sdigroup.de\/ctx\/?page_id=209"},"modified":"2019-05-23T15:56:40","modified_gmt":"2019-05-23T13:56:40","slug":"stammdaten-aendern","status":"publish","type":"page","link":"https:\/\/handbuch.sdigroup.de\/ctx\/?page_id=209","title":{"rendered":"Stammdaten \u00e4ndern"},"content":{"rendered":"<div class=\"content\">\n<div class=\"layer\">\n<ol>\n<ol>\n<li>Lieferanten<\/li>\n<li>Bet\u00e4tigen Sie die Schaltfl\u00e4che Neu (F5).<\/li>\n<li>Bet\u00e4tigen Sie die Schaltfl\u00e4che Suchen (F8).<\/li>\n<li>\u00c4ndern Sie die entsprechenden Daten des Lieferanten.<\/li>\n<li>Mit der Schaltfl\u00e4che \u00dcbernehmen (F7), werden die ge\u00e4nderten Daten des Lieferanten gespeichert.<\/li>\n<\/ol>\n<\/ol>\n<hr \/>\n<\/div>\n<\/div>\n","protected":false},"excerpt":{"rendered":"<p>Lieferanten Bet\u00e4tigen Sie die Schaltfl\u00e4che Neu (F5). Bet\u00e4tigen Sie die Schaltfl\u00e4che Suchen (F8). \u00c4ndern Sie die entsprechenden Daten des Lieferanten. Mit der Schaltfl\u00e4che \u00dcbernehmen (F7), werden die ge\u00e4nderten Daten des Lieferanten gespeichert.<\/p>\n","protected":false},"author":5,"featured_media":0,"parent":24,"menu_order":0,"comment_status":"closed","ping_status":"closed","template":"","meta":{"footnotes":""},"class_list":["post-209","page","type-page","status-publish","hentry"],"_links":{"self":[{"href":"https:\/\/handbuch.sdigroup.de\/ctx\/index.php?rest_route=\/wp\/v2\/pages\/209","targetHints":{"allow":["GET"]}}],"collection":[{"href":"https:\/\/handbuch.sdigroup.de\/ctx\/index.php?rest_route=\/wp\/v2\/pages"}],"about":[{"href":"https:\/\/handbuch.sdigroup.de\/ctx\/index.php?rest_route=\/wp\/v2\/types\/page"}],"author":[{"embeddable":true,"href":"https:\/\/handbuch.sdigroup.de\/ctx\/index.php?rest_route=\/wp\/v2\/users\/5"}],"replies":[{"embeddable":true,"href":"https:\/\/handbuch.sdigroup.de\/ctx\/index.php?rest_route=%2Fwp%2Fv2%2Fcomments&post=209"}],"version-history":[{"count":8,"href":"https:\/\/handbuch.sdigroup.de\/ctx\/index.php?rest_route=\/wp\/v2\/pages\/209\/revisions"}],"predecessor-version":[{"id":810,"href":"https:\/\/handbuch.sdigroup.de\/ctx\/index.php?rest_route=\/wp\/v2\/pages\/209\/revisions\/810"}],"up":[{"embeddable":true,"href":"https:\/\/handbuch.sdigroup.de\/ctx\/index.php?rest_route=\/wp\/v2\/pages\/24"}],"wp:attachment":[{"href":"https:\/\/handbuch.sdigroup.de\/ctx\/index.php?rest_route=%2Fwp%2Fv2%2Fmedia&parent=209"}],"curies":[{"name":"wp","href":"https:\/\/api.w.org\/{rel}","templated":true}]}}