{"id":205,"date":"2016-07-01T12:58:06","date_gmt":"2016-07-01T10:58:06","guid":{"rendered":"http:\/\/handbuch.sdigroup.de\/ctx\/?page_id=205"},"modified":"2019-05-23T17:22:10","modified_gmt":"2019-05-23T15:22:10","slug":"lager-tabelle","status":"publish","type":"page","link":"https:\/\/handbuch.sdigroup.de\/ctx\/?page_id=205","title":{"rendered":"Lager &#8211; Tabelle"},"content":{"rendered":"<p>Die <b>Men\u00fcleiste<\/b> enth\u00e4lt die Standard-Men\u00fcleiste f\u00fcr Tabellen und zus\u00e4tzlich den Befehl <b>Lager aktualisieren<\/b>.<\/p>\n<p>Das Men\u00fc Drucken beinhaltet<\/p>\n<ol type=\"circle\">\n<li>den Befehl <b>Tabelle<\/b>, mit dessen Hilfe Sie Ihre Tabelle als Liste ausdrucken k\u00f6nnen. Das Aussehen der Liste k\u00f6nnen Sie \u00fcber die Report-Maske ver\u00e4ndern.<\/li>\n<li>den Befehl <b><u>B<\/u>estandsliste<\/b>, mit dessen Hilfe Sie den Lagerbestand ausdrucken.<\/li>\n<li>den Befehl <b><u>S<\/u>t\u00fcckliste<\/b>, mit dessen Hilfe Sie den nach Gr\u00f6\u00dfen oder Farbnummern aufgeschl\u00fcsselten Lagerbe-stand ausdrucken.<\/li>\n<li>die Befehle <b>Etiketten<u>1<\/u> , Etiketten<u>2<\/u><\/b> und <b><u>B<\/u>arcode<\/b> mit deren Hilfe Sie unterschiedliche Artikeletiketten ausdrucken.<\/li>\n<\/ol>\n<p>In den Men\u00fc Dienste k\u00f6nnen Sie den Befehl <b>Lager aktualisieren<\/b> bet\u00e4tigen um zu \u00fcberpr\u00fcfen ob das Programm alle Lagerzu- und -abg\u00e4nge und berechnet daraus den Lagerbestand neu. Diesen Befehl ben\u00f6tigen Sie nur, falls Sie den Verdacht haben, dass Systemabst\u00fcrze oder Stromausf\u00e4lle den Lagerbestand verf\u00e4lscht haben k\u00f6nnten.<\/p>\n<p>Das Men\u00fc <b>Druckeinstellung<\/b> beinhaltet<\/p>\n<ol type=\"circle\">\n<li>die Befehle <b>Seitenansicht<\/b> und <b>Report-Maske<\/b>, mit deren Hilfe Sie den Ausdruck der Tabellen steuern.<\/li>\n<li>und den Befehl <b>Pennerliste<\/b><\/li>\n<\/ol>\n<p>Die <b>Tabelle<\/b> k\u00f6nnen Sie umsortieren und bearbeiten. Die <b>Daten<\/b> in der Tabelle k\u00f6nnen Sie mit Ausnahme der Spalte Anzahl und der Gr\u00f6\u00dfenspalten allerdings <b>nicht bearbeiten<\/b>.<\/p>\n<ol type=\"circle\">\n<li>Mit dem Befehl <b>Startposition<\/b> k\u00f6nnen Sie die Position des ersten Etiketts auf einem bereits angebrochenen Etikettenbogen einstellen.<\/li>\n<li>W\u00e4hlen sie unter Einstellung in der Men\u00fcleiste die Option Seitenansicht.<br \/>\nW\u00e4hlen Sie unter <b>Drucken<\/b> in der <b>Men\u00fcleiste<\/b> einen der Befehle <b>Etiketten<u>1<\/u> , Etiketten<u>2<\/u><\/b> ,<b>Bar<u>c<\/u>ode1<\/b> oder <b><u>B<\/u>arcode2<\/b> aus. Das Programm \u00f6ffnet zun\u00e4chst das Fenster Etikettenliste und zeigt dann folgendes Fenster an.<\/li>\n<\/ol>\n<p><img loading=\"lazy\" decoding=\"async\" class=\"alignnone size-full wp-image-713\" src=\"https:\/\/handbuch.sdigroup.de\/ctx\/wp-content\/uploads\/Lagerbarcode_.jpg\" alt=\"Lagerbarcode_\" width=\"960\" height=\"697\" srcset=\"https:\/\/handbuch.sdigroup.de\/ctx\/wp-content\/uploads\/Lagerbarcode_.jpg 960w, https:\/\/handbuch.sdigroup.de\/ctx\/wp-content\/uploads\/Lagerbarcode_-300x218.jpg 300w\" sizes=\"auto, (max-width: 960px) 100vw, 960px\" \/><\/p>\n<p>W\u00e4hlen Sie im Pulldown Men\u00fc <b>Print<\/b> den Befehl <b>Print <\/b>in der Men\u00fcleiste. Es erscheint folgendes Fenster:<\/p>\n<p><img loading=\"lazy\" decoding=\"async\" class=\"alignnone size-full wp-image-629\" src=\"https:\/\/handbuch.sdigroup.de\/ctx\/wp-content\/uploads\/briefdruck2.jpg\" alt=\"briefdruck2\" width=\"465\" height=\"423\" srcset=\"https:\/\/handbuch.sdigroup.de\/ctx\/wp-content\/uploads\/briefdruck2.jpg 465w, https:\/\/handbuch.sdigroup.de\/ctx\/wp-content\/uploads\/briefdruck2-300x273.jpg 300w\" sizes=\"auto, (max-width: 465px) 100vw, 465px\" \/><\/p>\n<ol type=\"circle\">\n<li>Legen Sie die im Eingabefeld <b>Copies<\/b> von ihnen gew\u00fcnschte Anzahl an Etikettenb\u00f6gen in den Drucker ein.<\/li>\n<li>Bet\u00e4tigen Sie die Schaltfl\u00e4che <b>OK<\/b>.<\/li>\n<\/ol>\n","protected":false},"excerpt":{"rendered":"<p>Die Men\u00fcleiste enth\u00e4lt die Standard-Men\u00fcleiste f\u00fcr Tabellen und zus\u00e4tzlich den Befehl Lager aktualisieren. Das Men\u00fc Drucken beinhaltet den Befehl Tabelle, mit dessen Hilfe Sie Ihre Tabelle als Liste ausdrucken k\u00f6nnen. Das Aussehen der Liste k\u00f6nnen Sie \u00fcber die Report-Maske ver\u00e4ndern. den Befehl Bestandsliste, mit dessen Hilfe Sie den Lagerbestand ausdrucken. den Befehl St\u00fcckliste, mit dessen [&hellip;]<\/p>\n","protected":false},"author":5,"featured_media":0,"parent":24,"menu_order":0,"comment_status":"closed","ping_status":"closed","template":"","meta":{"footnotes":""},"class_list":["post-205","page","type-page","status-publish","hentry"],"_links":{"self":[{"href":"https:\/\/handbuch.sdigroup.de\/ctx\/index.php?rest_route=\/wp\/v2\/pages\/205","targetHints":{"allow":["GET"]}}],"collection":[{"href":"https:\/\/handbuch.sdigroup.de\/ctx\/index.php?rest_route=\/wp\/v2\/pages"}],"about":[{"href":"https:\/\/handbuch.sdigroup.de\/ctx\/index.php?rest_route=\/wp\/v2\/types\/page"}],"author":[{"embeddable":true,"href":"https:\/\/handbuch.sdigroup.de\/ctx\/index.php?rest_route=\/wp\/v2\/users\/5"}],"replies":[{"embeddable":true,"href":"https:\/\/handbuch.sdigroup.de\/ctx\/index.php?rest_route=%2Fwp%2Fv2%2Fcomments&post=205"}],"version-history":[{"count":6,"href":"https:\/\/handbuch.sdigroup.de\/ctx\/index.php?rest_route=\/wp\/v2\/pages\/205\/revisions"}],"predecessor-version":[{"id":825,"href":"https:\/\/handbuch.sdigroup.de\/ctx\/index.php?rest_route=\/wp\/v2\/pages\/205\/revisions\/825"}],"up":[{"embeddable":true,"href":"https:\/\/handbuch.sdigroup.de\/ctx\/index.php?rest_route=\/wp\/v2\/pages\/24"}],"wp:attachment":[{"href":"https:\/\/handbuch.sdigroup.de\/ctx\/index.php?rest_route=%2Fwp%2Fv2%2Fmedia&parent=205"}],"curies":[{"name":"wp","href":"https:\/\/api.w.org\/{rel}","templated":true}]}}