{"id":203,"date":"2016-07-01T12:57:53","date_gmt":"2016-07-01T10:57:53","guid":{"rendered":"http:\/\/handbuch.sdigroup.de\/ctx\/?page_id=203"},"modified":"2019-05-23T16:52:41","modified_gmt":"2019-05-23T14:52:41","slug":"lager-protokoll","status":"publish","type":"page","link":"https:\/\/handbuch.sdigroup.de\/ctx\/?page_id=203","title":{"rendered":"Lager &#8211; Protokoll"},"content":{"rendered":"<p>Das Fenster Lager &#8211; Protokoll erm\u00f6glicht es Ihnen, sich alle gespeicherten Datensatz\u00e4nderungen oder Lagerbewegungen anzuschauen.<br \/>\nDamit k\u00f6nnen Sie sowohl bei Bestandsdifferenzen Fehl-buchungen suchen als auch beim Eintreffen nachbestellter Ware die richtige Anzahl von Artikeletiketten ausdrucken.<\/p>\n<p><img loading=\"lazy\" decoding=\"async\" class=\"alignnone size-full wp-image-822\" src=\"https:\/\/handbuch.sdigroup.de\/ctx\/wp-content\/uploads\/Lagerprotokoll.png\" alt=\"Lagerprotokoll\" width=\"1011\" height=\"507\" srcset=\"https:\/\/handbuch.sdigroup.de\/ctx\/wp-content\/uploads\/Lagerprotokoll.png 1011w, https:\/\/handbuch.sdigroup.de\/ctx\/wp-content\/uploads\/Lagerprotokoll-300x150.png 300w\" sizes=\"auto, (max-width: 1011px) 100vw, 1011px\" \/><\/p>\n<p>Die <b>Men\u00fcleiste<\/b> beinhaltet die Standardmen\u00fcs der Eingabemasken.<\/p>\n<p>Das Men\u00fc <b>Daten<\/b> beinhaltet die Befehle, die Sie auch \u00fcber die Schaltfl\u00e4chen bedienen k\u00f6nnen.<\/p>\n<p>Das Men\u00fc <b>Sortierung<\/b> erm\u00f6glicht es Ihnen, die Datens\u00e4tze nach Artikel-Nr., Artikelname, Lieferantenname, Kommissionsware, Lagerzugang und Lagerabgang zu sortieren.<\/p>\n","protected":false},"excerpt":{"rendered":"<p>Das Fenster Lager &#8211; Protokoll erm\u00f6glicht es Ihnen, sich alle gespeicherten Datensatz\u00e4nderungen oder Lagerbewegungen anzuschauen. Damit k\u00f6nnen Sie sowohl bei Bestandsdifferenzen Fehl-buchungen suchen als auch beim Eintreffen nachbestellter Ware die richtige Anzahl von Artikeletiketten ausdrucken. Die Men\u00fcleiste beinhaltet die Standardmen\u00fcs der Eingabemasken. Das Men\u00fc Daten beinhaltet die Befehle, die Sie auch \u00fcber die Schaltfl\u00e4chen bedienen [&hellip;]<\/p>\n","protected":false},"author":5,"featured_media":0,"parent":24,"menu_order":0,"comment_status":"closed","ping_status":"closed","template":"","meta":{"footnotes":""},"class_list":["post-203","page","type-page","status-publish","hentry"],"_links":{"self":[{"href":"https:\/\/handbuch.sdigroup.de\/ctx\/index.php?rest_route=\/wp\/v2\/pages\/203","targetHints":{"allow":["GET"]}}],"collection":[{"href":"https:\/\/handbuch.sdigroup.de\/ctx\/index.php?rest_route=\/wp\/v2\/pages"}],"about":[{"href":"https:\/\/handbuch.sdigroup.de\/ctx\/index.php?rest_route=\/wp\/v2\/types\/page"}],"author":[{"embeddable":true,"href":"https:\/\/handbuch.sdigroup.de\/ctx\/index.php?rest_route=\/wp\/v2\/users\/5"}],"replies":[{"embeddable":true,"href":"https:\/\/handbuch.sdigroup.de\/ctx\/index.php?rest_route=%2Fwp%2Fv2%2Fcomments&post=203"}],"version-history":[{"count":3,"href":"https:\/\/handbuch.sdigroup.de\/ctx\/index.php?rest_route=\/wp\/v2\/pages\/203\/revisions"}],"predecessor-version":[{"id":823,"href":"https:\/\/handbuch.sdigroup.de\/ctx\/index.php?rest_route=\/wp\/v2\/pages\/203\/revisions\/823"}],"up":[{"embeddable":true,"href":"https:\/\/handbuch.sdigroup.de\/ctx\/index.php?rest_route=\/wp\/v2\/pages\/24"}],"wp:attachment":[{"href":"https:\/\/handbuch.sdigroup.de\/ctx\/index.php?rest_route=%2Fwp%2Fv2%2Fmedia&parent=203"}],"curies":[{"name":"wp","href":"https:\/\/api.w.org\/{rel}","templated":true}]}}