{"id":201,"date":"2016-07-01T12:57:35","date_gmt":"2016-07-01T10:57:35","guid":{"rendered":"http:\/\/handbuch.sdigroup.de\/ctx\/?page_id=201"},"modified":"2019-05-23T16:49:38","modified_gmt":"2019-05-23T14:49:38","slug":"lager-verwaltung","status":"publish","type":"page","link":"https:\/\/handbuch.sdigroup.de\/ctx\/?page_id=201","title":{"rendered":"Lager &#8211; Verwaltung"},"content":{"rendered":"<p>In Lager &#8211; Verwaltung k\u00f6nnen Sie <b>Lagerdaten<\/b> auch <b>neu anlegen, \u00e4ndern oder l\u00f6schen<\/b>. Lagerzu- und abg\u00e4nge k\u00f6nnen hier von Hand ver\u00e4ndert werden. Die Gefahr Lagerbest\u00e4nde zu verf\u00e4lschen, ist deshalb sehr gro\u00df. Deshalb sollten normale Buchungen immer im Men\u00fc Lager &#8211; Bewegungen durchgef\u00fchrt werden und das Men\u00fc Lager &#8211; Verwaltung nur zur Korrektur von Bestandsdifferenzen genutzt werden.<\/p>\n<p><img loading=\"lazy\" decoding=\"async\" class=\"alignnone size-full wp-image-820\" src=\"https:\/\/handbuch.sdigroup.de\/ctx\/wp-content\/uploads\/Lagerverwaltung-2.png\" alt=\"Lagerverwaltung-2\" width=\"1021\" height=\"601\" srcset=\"https:\/\/handbuch.sdigroup.de\/ctx\/wp-content\/uploads\/Lagerverwaltung-2.png 1021w, https:\/\/handbuch.sdigroup.de\/ctx\/wp-content\/uploads\/Lagerverwaltung-2-300x177.png 300w\" sizes=\"auto, (max-width: 1021px) 100vw, 1021px\" \/><\/p>\n<p>Die <b>Men\u00fcleiste<\/b> beinhaltet die Standardmen\u00fcs der Eingabemasken.<\/p>\n<p>Das Men\u00fc <b>Daten<\/b> beinhaltet die Befehle, die Sie auch \u00fcber die Schaltfl\u00e4chen bedienen k\u00f6nnen.<\/p>\n<p>Das Men\u00fc <b>Sortierung<\/b> erm\u00f6glicht es Ihnen, die Datens\u00e4tze nach Artikel-Nr., Artikelname, Lieferantenname, Kommissionsware, Lagerzugang und Lagerabgang zu sortieren.<\/p>\n","protected":false},"excerpt":{"rendered":"<p>In Lager &#8211; Verwaltung k\u00f6nnen Sie Lagerdaten auch neu anlegen, \u00e4ndern oder l\u00f6schen. Lagerzu- und abg\u00e4nge k\u00f6nnen hier von Hand ver\u00e4ndert werden. Die Gefahr Lagerbest\u00e4nde zu verf\u00e4lschen, ist deshalb sehr gro\u00df. Deshalb sollten normale Buchungen immer im Men\u00fc Lager &#8211; Bewegungen durchgef\u00fchrt werden und das Men\u00fc Lager &#8211; Verwaltung nur zur Korrektur von Bestandsdifferenzen genutzt [&hellip;]<\/p>\n","protected":false},"author":5,"featured_media":0,"parent":24,"menu_order":0,"comment_status":"closed","ping_status":"closed","template":"","meta":{"footnotes":""},"class_list":["post-201","page","type-page","status-publish","hentry"],"_links":{"self":[{"href":"https:\/\/handbuch.sdigroup.de\/ctx\/index.php?rest_route=\/wp\/v2\/pages\/201","targetHints":{"allow":["GET"]}}],"collection":[{"href":"https:\/\/handbuch.sdigroup.de\/ctx\/index.php?rest_route=\/wp\/v2\/pages"}],"about":[{"href":"https:\/\/handbuch.sdigroup.de\/ctx\/index.php?rest_route=\/wp\/v2\/types\/page"}],"author":[{"embeddable":true,"href":"https:\/\/handbuch.sdigroup.de\/ctx\/index.php?rest_route=\/wp\/v2\/users\/5"}],"replies":[{"embeddable":true,"href":"https:\/\/handbuch.sdigroup.de\/ctx\/index.php?rest_route=%2Fwp%2Fv2%2Fcomments&post=201"}],"version-history":[{"count":4,"href":"https:\/\/handbuch.sdigroup.de\/ctx\/index.php?rest_route=\/wp\/v2\/pages\/201\/revisions"}],"predecessor-version":[{"id":821,"href":"https:\/\/handbuch.sdigroup.de\/ctx\/index.php?rest_route=\/wp\/v2\/pages\/201\/revisions\/821"}],"up":[{"embeddable":true,"href":"https:\/\/handbuch.sdigroup.de\/ctx\/index.php?rest_route=\/wp\/v2\/pages\/24"}],"wp:attachment":[{"href":"https:\/\/handbuch.sdigroup.de\/ctx\/index.php?rest_route=%2Fwp%2Fv2%2Fmedia&parent=201"}],"curies":[{"name":"wp","href":"https:\/\/api.w.org\/{rel}","templated":true}]}}