{"id":199,"date":"2016-07-01T12:57:18","date_gmt":"2016-07-01T10:57:18","guid":{"rendered":"http:\/\/handbuch.sdigroup.de\/ctx\/?page_id=199"},"modified":"2019-05-23T16:46:36","modified_gmt":"2019-05-23T14:46:36","slug":"lager-bewegung","status":"publish","type":"page","link":"https:\/\/handbuch.sdigroup.de\/ctx\/?page_id=199","title":{"rendered":"Lager &#8211; Bewegung"},"content":{"rendered":"<p>Im Fenster <b>Lager &#8211; Bewegung<\/b> k\u00f6nnen Sie Lagerzug\u00e4nge verbuchen, Artikel suchen sowie Tabellen und (Barcode-) Etiketten ausdrucken.<br \/>\nEs ist jedoch weder ein EK-Preis zu sehen, noch k\u00f6nnen die Artikeldaten ver\u00e4ndert werden.<\/p>\n<p><img loading=\"lazy\" decoding=\"async\" class=\"alignnone size-full wp-image-818\" src=\"https:\/\/handbuch.sdigroup.de\/ctx\/wp-content\/uploads\/Lagerbewegung.png\" alt=\"Lagerbewegung\" width=\"1033\" height=\"570\" srcset=\"https:\/\/handbuch.sdigroup.de\/ctx\/wp-content\/uploads\/Lagerbewegung.png 1033w, https:\/\/handbuch.sdigroup.de\/ctx\/wp-content\/uploads\/Lagerbewegung-300x166.png 300w, https:\/\/handbuch.sdigroup.de\/ctx\/wp-content\/uploads\/Lagerbewegung-1024x565.png 1024w\" sizes=\"auto, (max-width: 1033px) 100vw, 1033px\" \/><\/p>\n<p>Die <b>Men\u00fcleiste<\/b> beinhaltet die Standardmen\u00fcs der Eingabemasken.<\/p>\n<p>Das Men\u00fc <b>Daten<\/b> beinhaltet die Befehle, die Sie auch \u00fcber die Schaltfl\u00e4chen bedienen k\u00f6nnen.<\/p>\n<p>Das Men\u00fc <b>Sortierung<\/b> erm\u00f6glicht es Ihnen, die Datens\u00e4tze nach Artikel-Nr., Artikelname, Lieferantenname, Kommissionsware, Lagerzugang und Lagerabgang zu sortieren.<\/p>\n","protected":false},"excerpt":{"rendered":"<p>Im Fenster Lager &#8211; Bewegung k\u00f6nnen Sie Lagerzug\u00e4nge verbuchen, Artikel suchen sowie Tabellen und (Barcode-) Etiketten ausdrucken. Es ist jedoch weder ein EK-Preis zu sehen, noch k\u00f6nnen die Artikeldaten ver\u00e4ndert werden. Die Men\u00fcleiste beinhaltet die Standardmen\u00fcs der Eingabemasken. Das Men\u00fc Daten beinhaltet die Befehle, die Sie auch \u00fcber die Schaltfl\u00e4chen bedienen k\u00f6nnen. Das Men\u00fc Sortierung [&hellip;]<\/p>\n","protected":false},"author":5,"featured_media":0,"parent":24,"menu_order":0,"comment_status":"closed","ping_status":"closed","template":"","meta":{"footnotes":""},"class_list":["post-199","page","type-page","status-publish","hentry"],"_links":{"self":[{"href":"https:\/\/handbuch.sdigroup.de\/ctx\/index.php?rest_route=\/wp\/v2\/pages\/199","targetHints":{"allow":["GET"]}}],"collection":[{"href":"https:\/\/handbuch.sdigroup.de\/ctx\/index.php?rest_route=\/wp\/v2\/pages"}],"about":[{"href":"https:\/\/handbuch.sdigroup.de\/ctx\/index.php?rest_route=\/wp\/v2\/types\/page"}],"author":[{"embeddable":true,"href":"https:\/\/handbuch.sdigroup.de\/ctx\/index.php?rest_route=\/wp\/v2\/users\/5"}],"replies":[{"embeddable":true,"href":"https:\/\/handbuch.sdigroup.de\/ctx\/index.php?rest_route=%2Fwp%2Fv2%2Fcomments&post=199"}],"version-history":[{"count":3,"href":"https:\/\/handbuch.sdigroup.de\/ctx\/index.php?rest_route=\/wp\/v2\/pages\/199\/revisions"}],"predecessor-version":[{"id":819,"href":"https:\/\/handbuch.sdigroup.de\/ctx\/index.php?rest_route=\/wp\/v2\/pages\/199\/revisions\/819"}],"up":[{"embeddable":true,"href":"https:\/\/handbuch.sdigroup.de\/ctx\/index.php?rest_route=\/wp\/v2\/pages\/24"}],"wp:attachment":[{"href":"https:\/\/handbuch.sdigroup.de\/ctx\/index.php?rest_route=%2Fwp%2Fv2%2Fmedia&parent=199"}],"curies":[{"name":"wp","href":"https:\/\/api.w.org\/{rel}","templated":true}]}}