{"id":197,"date":"2016-07-01T12:56:44","date_gmt":"2016-07-01T10:56:44","guid":{"rendered":"http:\/\/handbuch.sdigroup.de\/ctx\/?page_id=197"},"modified":"2019-05-23T16:43:26","modified_gmt":"2019-05-23T14:43:26","slug":"lager-artikel","status":"publish","type":"page","link":"https:\/\/handbuch.sdigroup.de\/ctx\/?page_id=197","title":{"rendered":"Lager \/ Artikel"},"content":{"rendered":"<p>Das Modul Lagerverwaltung ist in drei Bereiche untergliedert: <b>Artikel\/Lager &#8211; Bewegung, Artikel\/Lager &#8211; Verwaltung und Lager &#8211; Protokoll.<\/b><\/p>\n<p><img loading=\"lazy\" decoding=\"async\" class=\"alignnone size-full wp-image-815\" src=\"https:\/\/handbuch.sdigroup.de\/ctx\/wp-content\/uploads\/Lagerverwaltung.png\" alt=\"Lagerverwaltung\" width=\"265\" height=\"369\" srcset=\"https:\/\/handbuch.sdigroup.de\/ctx\/wp-content\/uploads\/Lagerverwaltung.png 265w, https:\/\/handbuch.sdigroup.de\/ctx\/wp-content\/uploads\/Lagerverwaltung-215x300.png 215w\" sizes=\"auto, (max-width: 265px) 100vw, 265px\" \/><\/p>\n<p>Die <b>Men\u00fcleiste<\/b> enth\u00e4lt zwei Pulldown-Men\u00fcs:<\/p>\n<p>Das <b>Lager-Men\u00fc<\/b> beinhaltet die Befehle, die Sie auch \u00fcber die Schaltfl\u00e4chen bedienen k\u00f6nnen.<br \/>\nMit dem Men\u00fc Fenster k\u00f6nnen Sie in andere ge\u00f6ffnete <b>Fenster<\/b> wechseln, ohne das Lagermodul schlie\u00dfen zu m\u00fcssen.<\/p>\n","protected":false},"excerpt":{"rendered":"<p>Das Modul Lagerverwaltung ist in drei Bereiche untergliedert: Artikel\/Lager &#8211; Bewegung, Artikel\/Lager &#8211; Verwaltung und Lager &#8211; Protokoll. Die Men\u00fcleiste enth\u00e4lt zwei Pulldown-Men\u00fcs: Das Lager-Men\u00fc beinhaltet die Befehle, die Sie auch \u00fcber die Schaltfl\u00e4chen bedienen k\u00f6nnen. Mit dem Men\u00fc Fenster k\u00f6nnen Sie in andere ge\u00f6ffnete Fenster wechseln, ohne das Lagermodul schlie\u00dfen zu m\u00fcssen.<\/p>\n","protected":false},"author":5,"featured_media":0,"parent":24,"menu_order":0,"comment_status":"closed","ping_status":"closed","template":"","meta":{"footnotes":""},"class_list":["post-197","page","type-page","status-publish","hentry"],"_links":{"self":[{"href":"https:\/\/handbuch.sdigroup.de\/ctx\/index.php?rest_route=\/wp\/v2\/pages\/197","targetHints":{"allow":["GET"]}}],"collection":[{"href":"https:\/\/handbuch.sdigroup.de\/ctx\/index.php?rest_route=\/wp\/v2\/pages"}],"about":[{"href":"https:\/\/handbuch.sdigroup.de\/ctx\/index.php?rest_route=\/wp\/v2\/types\/page"}],"author":[{"embeddable":true,"href":"https:\/\/handbuch.sdigroup.de\/ctx\/index.php?rest_route=\/wp\/v2\/users\/5"}],"replies":[{"embeddable":true,"href":"https:\/\/handbuch.sdigroup.de\/ctx\/index.php?rest_route=%2Fwp%2Fv2%2Fcomments&post=197"}],"version-history":[{"count":4,"href":"https:\/\/handbuch.sdigroup.de\/ctx\/index.php?rest_route=\/wp\/v2\/pages\/197\/revisions"}],"predecessor-version":[{"id":817,"href":"https:\/\/handbuch.sdigroup.de\/ctx\/index.php?rest_route=\/wp\/v2\/pages\/197\/revisions\/817"}],"up":[{"embeddable":true,"href":"https:\/\/handbuch.sdigroup.de\/ctx\/index.php?rest_route=\/wp\/v2\/pages\/24"}],"wp:attachment":[{"href":"https:\/\/handbuch.sdigroup.de\/ctx\/index.php?rest_route=%2Fwp%2Fv2%2Fmedia&parent=197"}],"curies":[{"name":"wp","href":"https:\/\/api.w.org\/{rel}","templated":true}]}}