{"id":18,"date":"2016-02-23T15:42:38","date_gmt":"2016-02-23T14:42:38","guid":{"rendered":"http:\/\/handbuch.sdigroup.de\/ctx\/?page_id=18"},"modified":"2016-03-02T21:50:39","modified_gmt":"2016-03-02T20:50:39","slug":"einstellungen","status":"publish","type":"page","link":"https:\/\/handbuch.sdigroup.de\/ctx\/?page_id=18","title":{"rendered":"Einstellungen"},"content":{"rendered":"<p style=\"text-align: center;\"><strong>Das Hauptmen\u00fc<\/strong><\/p>\n<p style=\"text-align: center;\"><img loading=\"lazy\" decoding=\"async\" class=\"alignnone size-full wp-image-96\" src=\"https:\/\/handbuch.sdigroup.de\/ctx\/wp-content\/uploads\/1-2.jpg\" alt=\"1\" width=\"1327\" height=\"783\" srcset=\"https:\/\/handbuch.sdigroup.de\/ctx\/wp-content\/uploads\/1-2.jpg 1327w, https:\/\/handbuch.sdigroup.de\/ctx\/wp-content\/uploads\/1-2-300x177.jpg 300w, https:\/\/handbuch.sdigroup.de\/ctx\/wp-content\/uploads\/1-2-1024x604.jpg 1024w\" sizes=\"auto, (max-width: 1327px) 100vw, 1327px\" \/><\/p>\n<p>Mit diesem Haupt-Men\u00fc k\u00f6nnen Sie zwischen den Modulen Kunden, Lieferanten, Auftrag und Lager w\u00e4hlen. Die Schaltfl\u00e4che <b>Beenden<\/b> beendet das Programm.<\/p>\n<p>Neben den Standardmen\u00fcs Men\u00fc und Fenster beinhaltet die <b>Men\u00fcleiste <\/b>noch die Men\u00fcs Systemlogin, Systemeinstellungen.<\/p>\n<p>Das Men\u00fc <b>Systemlogin<\/b> beinhaltet den Befehl <b>System Password<\/b>.<\/p>\n<p>Das Men\u00fc <b>Systemeinstellungen <\/b>beinhaltet die Untermen\u00fcs <b>Grundeinstellungen<\/b> und<b>Benutzereinstellungen<\/b>, denen in diesem Kapitel eigene Unterkapitel gewidmet sind (siehe unten).<\/p>\n<p>&nbsp;<\/p>\n<p>Das Men\u00fc Programminfo beinhaltet das Programm-Info:<\/p>\n<p><img loading=\"lazy\" decoding=\"async\" class=\"alignnone size-full wp-image-97\" src=\"https:\/\/handbuch.sdigroup.de\/ctx\/wp-content\/uploads\/2-1.jpg\" alt=\"2\" width=\"395\" height=\"226\" srcset=\"https:\/\/handbuch.sdigroup.de\/ctx\/wp-content\/uploads\/2-1.jpg 395w, https:\/\/handbuch.sdigroup.de\/ctx\/wp-content\/uploads\/2-1-300x172.jpg 300w\" sizes=\"auto, (max-width: 395px) 100vw, 395px\" \/><\/p>\n<p>Das Programm-Info enth\u00e4lt Informationen zum Programm und zum Urheberrecht. Falls Sie diese einsehen wollen, klicken Sie auf die Schaltfl\u00e4che <b>Weiter<\/b>.<\/p>\n<p>&nbsp;<\/p>\n<p>Bet\u00e4tigen Sie die Schaltfl\u00e4che <b><u>B<\/u>enutzer anmelden \/ abmelden<\/b>,<b> <\/b>dann werden alle offenen Fenster des Programms geschlossen und das Fenster Systemlogin ge\u00f6ffnet, so da\u00df Sie einen anderen Benutzer anmelden k\u00f6nnen. Der Vorteil dieses Verfahrens besteht darin, da\u00df Sie rasch einen Benutzerwechsel durchf\u00fchren k\u00f6nnen, ohne das Programm beenden und wieder neu starten zu m\u00fcssen.<\/p>\n","protected":false},"excerpt":{"rendered":"<p>Das Hauptmen\u00fc Mit diesem Haupt-Men\u00fc k\u00f6nnen Sie zwischen den Modulen Kunden, Lieferanten, Auftrag und Lager w\u00e4hlen. Die Schaltfl\u00e4che Beenden beendet das Programm. Neben den Standardmen\u00fcs Men\u00fc und Fenster beinhaltet die Men\u00fcleiste noch die Men\u00fcs Systemlogin, Systemeinstellungen. Das Men\u00fc Systemlogin beinhaltet den Befehl System Password. Das Men\u00fc Systemeinstellungen beinhaltet die Untermen\u00fcs Grundeinstellungen undBenutzereinstellungen, denen in diesem [&hellip;]<\/p>\n","protected":false},"author":3,"featured_media":0,"parent":0,"menu_order":0,"comment_status":"closed","ping_status":"closed","template":"","meta":{"footnotes":""},"class_list":["post-18","page","type-page","status-publish","hentry"],"_links":{"self":[{"href":"https:\/\/handbuch.sdigroup.de\/ctx\/index.php?rest_route=\/wp\/v2\/pages\/18","targetHints":{"allow":["GET"]}}],"collection":[{"href":"https:\/\/handbuch.sdigroup.de\/ctx\/index.php?rest_route=\/wp\/v2\/pages"}],"about":[{"href":"https:\/\/handbuch.sdigroup.de\/ctx\/index.php?rest_route=\/wp\/v2\/types\/page"}],"author":[{"embeddable":true,"href":"https:\/\/handbuch.sdigroup.de\/ctx\/index.php?rest_route=\/wp\/v2\/users\/3"}],"replies":[{"embeddable":true,"href":"https:\/\/handbuch.sdigroup.de\/ctx\/index.php?rest_route=%2Fwp%2Fv2%2Fcomments&post=18"}],"version-history":[{"count":3,"href":"https:\/\/handbuch.sdigroup.de\/ctx\/index.php?rest_route=\/wp\/v2\/pages\/18\/revisions"}],"predecessor-version":[{"id":99,"href":"https:\/\/handbuch.sdigroup.de\/ctx\/index.php?rest_route=\/wp\/v2\/pages\/18\/revisions\/99"}],"wp:attachment":[{"href":"https:\/\/handbuch.sdigroup.de\/ctx\/index.php?rest_route=%2Fwp%2Fv2%2Fmedia&parent=18"}],"curies":[{"name":"wp","href":"https:\/\/api.w.org\/{rel}","templated":true}]}}