{"id":178,"date":"2016-07-01T12:39:10","date_gmt":"2016-07-01T10:39:10","guid":{"rendered":"http:\/\/handbuch.sdigroup.de\/ctx\/?page_id=178"},"modified":"2020-08-24T14:24:34","modified_gmt":"2020-08-24T12:24:34","slug":"einnahmen-ausgaben","status":"publish","type":"page","link":"https:\/\/handbuch.sdigroup.de\/ctx\/?page_id=178","title":{"rendered":"Einnahmen &#8211; Ausgaben"},"content":{"rendered":"<div class=\"content\">\n<div class=\"layer\">\n<p>Dieses Men\u00fc verschafft Ihnen einen \u00dcberblick \u00fcber Ihre gesch\u00e4ftliche Situation, durch die Gegen\u00fcberstellung aller Einnahmen und Ausgaben.<\/p>\n<\/div>\n<p><span style=\"background-color: #999999; color: #ffffff;\">Schritt 1<\/span><\/p>\n<div class=\"layer\">\n<p>Um dieses Men\u00fc zu \u00f6ffnen, k\u00f6nnen Sie in der Windows Suchleiste nach &#8222;<strong>Kassenbuch<\/strong>&#8220; suchen und die Anwendung starten.<\/p>\n<\/div>\n<\/div>\n<p><span style=\"background-color: #999999; color: #ffffff;\">Schritt 2<\/span><\/p>\n<p>Nachdem Sie die Anwendung gestartet haben, melden sie sich mit ihren Anmelde Daten an. Sollten Sie in diesem Fall die rechte dazu haben auf diese Daten zu zugreifen, k\u00f6nnen Sie fortfahren. Andernfalls erscheinen ihnen alle anderen Felder grau.<\/p>\n<p><img loading=\"lazy\" decoding=\"async\" class=\"alignnone size-large wp-image-1165\" src=\"https:\/\/handbuch.sdigroup.de\/ctx\/wp-content\/uploads\/Kassenbuch-1024x690.png\" alt=\"\" width=\"810\" height=\"546\" srcset=\"https:\/\/handbuch.sdigroup.de\/ctx\/wp-content\/uploads\/Kassenbuch-1024x690.png 1024w, https:\/\/handbuch.sdigroup.de\/ctx\/wp-content\/uploads\/Kassenbuch-300x202.png 300w, https:\/\/handbuch.sdigroup.de\/ctx\/wp-content\/uploads\/Kassenbuch-120x80.png 120w, https:\/\/handbuch.sdigroup.de\/ctx\/wp-content\/uploads\/Kassenbuch.png 1045w\" sizes=\"auto, (max-width: 810px) 100vw, 810px\" \/><\/p>\n<div class=\"content\">\n<div class=\"layer\">\n<p>Die &#8222;<b>Men\u00fcleiste<\/b>&#8220; beinhaltet die Men\u00fcs Daten, Sortierung und Druckeinstellung.<\/p>\n<p>Das Men\u00fc &#8222;<b><u>S<\/u>ortierung<\/b>&#8220; beinhaltet die Befehle &#8222;<b>Einnahmen \/Ausgaben: Sortieren nach<\/b>&#8222;.<\/p>\n<p>Der Befehl &#8222;<b>Einnahmen: Sortieren nach<\/b>&#8220; erm\u00f6glicht es Ihnen, die Einnahmen nach Auftragsart, Auftrags datum und Auftrags-Nr. zu sortieren.<\/p>\n<p>Der Befehl &#8222;<b>Ausgaben: Sortieren nach<\/b>&#8220; erm\u00f6glicht es Ihnen die Ausgaben nach Belegdatu<u>m<\/u>, <u>B<\/u>elegtext und Beleg-Nr. zu sortieren.<\/p>\n<p>Durch Anklicken der K\u00e4stchen vor <b>Rechnung<\/b> und <b>Lieferschein<\/b> k\u00f6nnen Sie die Basis \u00e4ndern, auf die sich die Auswahl Ihrer Einnahmen bezieht. Sie k\u00f6nnen wahlweise<\/p>\n<ul type=\"circle\">\n<li>Rechnungen<\/li>\n<li>Lieferscheine Rechnungen und Lieferscheine<\/li>\n<\/ul>\n<p>anzeigen lassen.<\/p>\n<p>Das Eingabefeld <b>Kassenabrechnung vom<\/b>: erm\u00f6glicht es Ihnen, per Listenfeld Monatszeitr\u00e4ume auszuw\u00e4hlen.In das Eingabefeld <b>\u00dcbertrag des Vortrages<\/b> geben Sie den Endbestand der vorhergehenden Abrechnung ein.<\/p>\n<p><span style=\"background-color: #339966; color: #ffffff;\">Das Men\u00fc &#8222;<b>Druck<u>e<\/u>instellung<\/b>&#8220; beinhaltet den Befehl &#8222;<b><u>S<\/u>eitenansicht<\/b><\/span><span style=\"background-color: #339966; color: #ffffff;\">&#8222;<\/span><span style=\"background-color: #339966; color: #ffffff;\">, mit dessen Hilfe Sie sich auf dem Bildschirm eine Seitenansicht Ihres Ausdruckes ansehen k\u00f6nnen.<\/span><\/p>\n<p><span style=\"background-color: #ff0000; color: #ffffff;\">Die Tabellen k\u00f6nnen Sie sortieren und bearbeiten. Die Daten in der Tabelle k\u00f6nnen Sie allerdings nicht bearbeiten.<\/span><\/p>\n<hr \/>\n<\/div>\n<\/div>\n","protected":false},"excerpt":{"rendered":"<p>Dieses Men\u00fc verschafft Ihnen einen \u00dcberblick \u00fcber Ihre gesch\u00e4ftliche Situation, durch die Gegen\u00fcberstellung aller Einnahmen und Ausgaben. Schritt 1 Um dieses Men\u00fc zu \u00f6ffnen, k\u00f6nnen Sie in der Windows Suchleiste nach &#8222;Kassenbuch&#8220; suchen und die Anwendung starten. Schritt 2 Nachdem Sie die Anwendung gestartet haben, melden sie sich mit ihren Anmelde Daten an. Sollten Sie [&hellip;]<\/p>\n","protected":false},"author":5,"featured_media":0,"parent":24,"menu_order":0,"comment_status":"closed","ping_status":"closed","template":"","meta":{"footnotes":""},"class_list":["post-178","page","type-page","status-publish","hentry"],"_links":{"self":[{"href":"https:\/\/handbuch.sdigroup.de\/ctx\/index.php?rest_route=\/wp\/v2\/pages\/178","targetHints":{"allow":["GET"]}}],"collection":[{"href":"https:\/\/handbuch.sdigroup.de\/ctx\/index.php?rest_route=\/wp\/v2\/pages"}],"about":[{"href":"https:\/\/handbuch.sdigroup.de\/ctx\/index.php?rest_route=\/wp\/v2\/types\/page"}],"author":[{"embeddable":true,"href":"https:\/\/handbuch.sdigroup.de\/ctx\/index.php?rest_route=\/wp\/v2\/users\/5"}],"replies":[{"embeddable":true,"href":"https:\/\/handbuch.sdigroup.de\/ctx\/index.php?rest_route=%2Fwp%2Fv2%2Fcomments&post=178"}],"version-history":[{"count":6,"href":"https:\/\/handbuch.sdigroup.de\/ctx\/index.php?rest_route=\/wp\/v2\/pages\/178\/revisions"}],"predecessor-version":[{"id":1512,"href":"https:\/\/handbuch.sdigroup.de\/ctx\/index.php?rest_route=\/wp\/v2\/pages\/178\/revisions\/1512"}],"up":[{"embeddable":true,"href":"https:\/\/handbuch.sdigroup.de\/ctx\/index.php?rest_route=\/wp\/v2\/pages\/24"}],"wp:attachment":[{"href":"https:\/\/handbuch.sdigroup.de\/ctx\/index.php?rest_route=%2Fwp%2Fv2%2Fmedia&parent=178"}],"curies":[{"name":"wp","href":"https:\/\/api.w.org\/{rel}","templated":true}]}}