{"id":170,"date":"2016-07-01T12:37:52","date_gmt":"2016-07-01T10:37:52","guid":{"rendered":"http:\/\/handbuch.sdigroup.de\/ctx\/?page_id=170"},"modified":"2020-08-24T14:28:13","modified_gmt":"2020-08-24T12:28:13","slug":"kassenbuch-bearbeiten","status":"publish","type":"page","link":"https:\/\/handbuch.sdigroup.de\/ctx\/?page_id=170","title":{"rendered":"Kassenbuch Bearbeiten"},"content":{"rendered":"<p>Zus\u00e4tzlich zu dem in Kassenbuch &#8211; Daten<b> <\/b>gegebenen M\u00f6glichkeiten k\u00f6nnen in diesem Men\u00fc Kassenbelege neu angelegt, ver\u00e4ndert oder gel\u00f6scht werden.<\/p>\n<p>Bauausgaben werden im Kassenbuch verbucht, \u00dcberweisungen und Schecks dagegen nur in den Einnahmen &#8211; Ausgaben.<\/p>\n<p><img loading=\"lazy\" decoding=\"async\" class=\"alignnone size-full wp-image-674\" src=\"https:\/\/handbuch.sdigroup.de\/ctx\/wp-content\/uploads\/kassenbuchbearbeiten.jpg\" alt=\"kassenbuchbearbeiten\" width=\"1011\" height=\"613\" srcset=\"https:\/\/handbuch.sdigroup.de\/ctx\/wp-content\/uploads\/kassenbuchbearbeiten.jpg 1011w, https:\/\/handbuch.sdigroup.de\/ctx\/wp-content\/uploads\/kassenbuchbearbeiten-300x182.jpg 300w\" sizes=\"auto, (max-width: 1011px) 100vw, 1011px\" \/><\/p>\n<p>Die <b>Men\u00fcleiste<\/b> beinhaltet die Standardmen\u00fcs der Eingabemasken.<\/p>\n<p>Das Men\u00fc <b>Daten <\/b>beinhaltet die Befehle, die Sie auch \u00fcber die Schaltfl\u00e4chen bedienen k\u00f6nnen.<\/p>\n<p>Das Men\u00fc <b>Sortierung <\/b>erm\u00f6glicht es Ihnen, die Datens\u00e4tze nach <b>Beleg-ID.<\/b>, <b>Beleg-Nr.<\/b> und <b>Beleg text<\/b>\u00a0zu sortieren.<\/p>\n","protected":false},"excerpt":{"rendered":"<p>Zus\u00e4tzlich zu dem in Kassenbuch &#8211; Daten gegebenen M\u00f6glichkeiten k\u00f6nnen in diesem Men\u00fc Kassenbelege neu angelegt, ver\u00e4ndert oder gel\u00f6scht werden. Bauausgaben werden im Kassenbuch verbucht, \u00dcberweisungen und Schecks dagegen nur in den Einnahmen &#8211; Ausgaben. Die Men\u00fcleiste beinhaltet die Standardmen\u00fcs der Eingabemasken. Das Men\u00fc Daten beinhaltet die Befehle, die Sie auch \u00fcber die Schaltfl\u00e4chen bedienen [&hellip;]<\/p>\n","protected":false},"author":5,"featured_media":0,"parent":24,"menu_order":0,"comment_status":"closed","ping_status":"closed","template":"","meta":{"footnotes":""},"class_list":["post-170","page","type-page","status-publish","hentry"],"_links":{"self":[{"href":"https:\/\/handbuch.sdigroup.de\/ctx\/index.php?rest_route=\/wp\/v2\/pages\/170","targetHints":{"allow":["GET"]}}],"collection":[{"href":"https:\/\/handbuch.sdigroup.de\/ctx\/index.php?rest_route=\/wp\/v2\/pages"}],"about":[{"href":"https:\/\/handbuch.sdigroup.de\/ctx\/index.php?rest_route=\/wp\/v2\/types\/page"}],"author":[{"embeddable":true,"href":"https:\/\/handbuch.sdigroup.de\/ctx\/index.php?rest_route=\/wp\/v2\/users\/5"}],"replies":[{"embeddable":true,"href":"https:\/\/handbuch.sdigroup.de\/ctx\/index.php?rest_route=%2Fwp%2Fv2%2Fcomments&post=170"}],"version-history":[{"count":4,"href":"https:\/\/handbuch.sdigroup.de\/ctx\/index.php?rest_route=\/wp\/v2\/pages\/170\/revisions"}],"predecessor-version":[{"id":1402,"href":"https:\/\/handbuch.sdigroup.de\/ctx\/index.php?rest_route=\/wp\/v2\/pages\/170\/revisions\/1402"}],"up":[{"embeddable":true,"href":"https:\/\/handbuch.sdigroup.de\/ctx\/index.php?rest_route=\/wp\/v2\/pages\/24"}],"wp:attachment":[{"href":"https:\/\/handbuch.sdigroup.de\/ctx\/index.php?rest_route=%2Fwp%2Fv2%2Fmedia&parent=170"}],"curies":[{"name":"wp","href":"https:\/\/api.w.org\/{rel}","templated":true}]}}