{"id":168,"date":"2016-07-01T12:37:37","date_gmt":"2016-07-01T10:37:37","guid":{"rendered":"http:\/\/handbuch.sdigroup.de\/ctx\/?page_id=168"},"modified":"2020-08-24T14:29:19","modified_gmt":"2020-08-24T12:29:19","slug":"kassenbuch-tabelle","status":"publish","type":"page","link":"https:\/\/handbuch.sdigroup.de\/ctx\/?page_id=168","title":{"rendered":"Kassenbuch Tabelle"},"content":{"rendered":"<p><img loading=\"lazy\" decoding=\"async\" class=\"alignnone size-full wp-image-677\" src=\"https:\/\/handbuch.sdigroup.de\/ctx\/wp-content\/uploads\/kassenbuchtabelle.jpg\" alt=\"kassenbuchtabelle\" width=\"765\" height=\"300\" srcset=\"https:\/\/handbuch.sdigroup.de\/ctx\/wp-content\/uploads\/kassenbuchtabelle.jpg 765w, https:\/\/handbuch.sdigroup.de\/ctx\/wp-content\/uploads\/kassenbuchtabelle-300x118.jpg 300w\" sizes=\"auto, (max-width: 765px) 100vw, 765px\" \/><\/p>\n<p>Die <b>Men\u00fcleiste <\/b>enth\u00e4lt die Standard-Men\u00fcleiste f\u00fcr Tabellen.<\/p>\n<p>Das Men\u00fc <b>Drucken <\/b>beinhaltet den Befehl <b>Tabelle<\/b>,<b> <\/b>mit dessen Hilfe Sie Ihre Tabelle als Liste ausdrucken k\u00f6nnen. Den Befehl <b>Tabelle kopieren<\/b>,<b> <\/b>mit dessen Hilfe Sie die Tabelle kopieren.<\/p>\n<p>Die <b>Tabelle<\/b> k\u00f6nnen Sie umsortieren und bearbeiten. Die <b>Daten<\/b> in der Tabelle k\u00f6nnen Sie allerdings <b>nicht bearbeiten<\/b>.<\/p>\n","protected":false},"excerpt":{"rendered":"<p>Die Men\u00fcleiste enth\u00e4lt die Standard-Men\u00fcleiste f\u00fcr Tabellen. Das Men\u00fc Drucken beinhaltet den Befehl Tabelle, mit dessen Hilfe Sie Ihre Tabelle als Liste ausdrucken k\u00f6nnen. Den Befehl Tabelle kopieren, mit dessen Hilfe Sie die Tabelle kopieren. Die Tabelle k\u00f6nnen Sie umsortieren und bearbeiten. Die Daten in der Tabelle k\u00f6nnen Sie allerdings nicht bearbeiten.<\/p>\n","protected":false},"author":5,"featured_media":0,"parent":24,"menu_order":0,"comment_status":"closed","ping_status":"closed","template":"","meta":{"footnotes":""},"class_list":["post-168","page","type-page","status-publish","hentry"],"_links":{"self":[{"href":"https:\/\/handbuch.sdigroup.de\/ctx\/index.php?rest_route=\/wp\/v2\/pages\/168","targetHints":{"allow":["GET"]}}],"collection":[{"href":"https:\/\/handbuch.sdigroup.de\/ctx\/index.php?rest_route=\/wp\/v2\/pages"}],"about":[{"href":"https:\/\/handbuch.sdigroup.de\/ctx\/index.php?rest_route=\/wp\/v2\/types\/page"}],"author":[{"embeddable":true,"href":"https:\/\/handbuch.sdigroup.de\/ctx\/index.php?rest_route=\/wp\/v2\/users\/5"}],"replies":[{"embeddable":true,"href":"https:\/\/handbuch.sdigroup.de\/ctx\/index.php?rest_route=%2Fwp%2Fv2%2Fcomments&post=168"}],"version-history":[{"count":5,"href":"https:\/\/handbuch.sdigroup.de\/ctx\/index.php?rest_route=\/wp\/v2\/pages\/168\/revisions"}],"predecessor-version":[{"id":1403,"href":"https:\/\/handbuch.sdigroup.de\/ctx\/index.php?rest_route=\/wp\/v2\/pages\/168\/revisions\/1403"}],"up":[{"embeddable":true,"href":"https:\/\/handbuch.sdigroup.de\/ctx\/index.php?rest_route=\/wp\/v2\/pages\/24"}],"wp:attachment":[{"href":"https:\/\/handbuch.sdigroup.de\/ctx\/index.php?rest_route=%2Fwp%2Fv2%2Fmedia&parent=168"}],"curies":[{"name":"wp","href":"https:\/\/api.w.org\/{rel}","templated":true}]}}