{"id":166,"date":"2016-07-01T12:37:19","date_gmt":"2016-07-01T10:37:19","guid":{"rendered":"http:\/\/handbuch.sdigroup.de\/ctx\/?page_id=166"},"modified":"2022-07-28T15:15:47","modified_gmt":"2022-07-28T13:15:47","slug":"kassenbuch-daten","status":"publish","type":"page","link":"https:\/\/handbuch.sdigroup.de\/ctx\/?page_id=166","title":{"rendered":"Kassenbuch Daten"},"content":{"rendered":"<div class=\"content\">\n<div class=\"layer\">\n<p>Ein oder bzw. mehrere Kassenbuch belege k\u00f6nnen anhand der Belegnummer, des Belegdatums oder -textes gesucht, in einer Tabelle angezeigt oder in einer Liste ausgedruckt werden. Es k\u00f6nnen keine Ver\u00e4nderungen an den Belegen vorgenommen werden.<\/p>\n<p><img loading=\"lazy\" decoding=\"async\" class=\"alignnone wp-image-1513 size-full\" src=\"https:\/\/handbuch.sdigroup.de\/ctx\/wp-content\/uploads\/Screenshot_6.png\" alt=\"\" width=\"1021\" height=\"498\" srcset=\"https:\/\/handbuch.sdigroup.de\/ctx\/wp-content\/uploads\/Screenshot_6.png 1021w, https:\/\/handbuch.sdigroup.de\/ctx\/wp-content\/uploads\/Screenshot_6-300x146.png 300w\" sizes=\"auto, (max-width: 1021px) 100vw, 1021px\" \/><\/p>\n<p>Die <b>Men\u00fcleiste<\/b> beinhaltet die Standardmen\u00fcs der Eingabemasken.<\/p>\n<p>Das Men\u00fc <b>Daten <\/b>beinhaltet die Befehle, die Sie auch \u00fcber die Schaltfl\u00e4chen bedienen k\u00f6nnen.<\/p>\n<p>Das Men\u00fc <b>Sortierung <\/b>erm\u00f6glicht es Ihnen, die Datens\u00e4tze nach <b>Beleg-ID. <\/b>, <b>Beleg-Nr.<\/b> und <b>Beleg text<\/b>\u00a0zu sortieren.<\/p>\n<hr \/>\n<\/div>\n<\/div>\n","protected":false},"excerpt":{"rendered":"<p>Ein oder bzw. mehrere Kassenbuch belege k\u00f6nnen anhand der Belegnummer, des Belegdatums oder -textes gesucht, in einer Tabelle angezeigt oder in einer Liste ausgedruckt werden. Es k\u00f6nnen keine Ver\u00e4nderungen an den Belegen vorgenommen werden. Die Men\u00fcleiste beinhaltet die Standardmen\u00fcs der Eingabemasken. Das Men\u00fc Daten beinhaltet die Befehle, die Sie auch \u00fcber die Schaltfl\u00e4chen bedienen k\u00f6nnen. [&hellip;]<\/p>\n","protected":false},"author":5,"featured_media":0,"parent":24,"menu_order":0,"comment_status":"closed","ping_status":"closed","template":"","meta":{"footnotes":""},"class_list":["post-166","page","type-page","status-publish","hentry"],"_links":{"self":[{"href":"https:\/\/handbuch.sdigroup.de\/ctx\/index.php?rest_route=\/wp\/v2\/pages\/166","targetHints":{"allow":["GET"]}}],"collection":[{"href":"https:\/\/handbuch.sdigroup.de\/ctx\/index.php?rest_route=\/wp\/v2\/pages"}],"about":[{"href":"https:\/\/handbuch.sdigroup.de\/ctx\/index.php?rest_route=\/wp\/v2\/types\/page"}],"author":[{"embeddable":true,"href":"https:\/\/handbuch.sdigroup.de\/ctx\/index.php?rest_route=\/wp\/v2\/users\/5"}],"replies":[{"embeddable":true,"href":"https:\/\/handbuch.sdigroup.de\/ctx\/index.php?rest_route=%2Fwp%2Fv2%2Fcomments&post=166"}],"version-history":[{"count":6,"href":"https:\/\/handbuch.sdigroup.de\/ctx\/index.php?rest_route=\/wp\/v2\/pages\/166\/revisions"}],"predecessor-version":[{"id":1514,"href":"https:\/\/handbuch.sdigroup.de\/ctx\/index.php?rest_route=\/wp\/v2\/pages\/166\/revisions\/1514"}],"up":[{"embeddable":true,"href":"https:\/\/handbuch.sdigroup.de\/ctx\/index.php?rest_route=\/wp\/v2\/pages\/24"}],"wp:attachment":[{"href":"https:\/\/handbuch.sdigroup.de\/ctx\/index.php?rest_route=%2Fwp%2Fv2%2Fmedia&parent=166"}],"curies":[{"name":"wp","href":"https:\/\/api.w.org\/{rel}","templated":true}]}}