{"id":164,"date":"2016-07-01T12:37:04","date_gmt":"2016-07-01T10:37:04","guid":{"rendered":"http:\/\/handbuch.sdigroup.de\/ctx\/?page_id=164"},"modified":"2020-08-24T14:10:45","modified_gmt":"2020-08-24T12:10:45","slug":"kassenbuch","status":"publish","type":"page","link":"https:\/\/handbuch.sdigroup.de\/ctx\/?page_id=164","title":{"rendered":"Kassenbuch"},"content":{"rendered":"<p>Mit dem Modul Kassenbuch k\u00f6nnen Sie Ihre Einnahmen und Ausgaben Finanzamt gerecht verbuchen und Ihren Kassenbestand kontrollieren.<\/p>\n<p><img loading=\"lazy\" decoding=\"async\" class=\"alignnone size-full wp-image-672\" src=\"https:\/\/handbuch.sdigroup.de\/ctx\/wp-content\/uploads\/kassenbuch.jpg\" alt=\"kassenbuch\" width=\"1035\" height=\"773\" srcset=\"https:\/\/handbuch.sdigroup.de\/ctx\/wp-content\/uploads\/kassenbuch.jpg 1035w, https:\/\/handbuch.sdigroup.de\/ctx\/wp-content\/uploads\/kassenbuch-300x224.jpg 300w, https:\/\/handbuch.sdigroup.de\/ctx\/wp-content\/uploads\/kassenbuch-1024x765.jpg 1024w\" sizes=\"auto, (max-width: 1035px) 100vw, 1035px\" \/><\/p>\n<p>Das <b>Starten<\/b> und der <b>Systemlogin<\/b> verlaufen genauso wie beim Hauptprogramm.<\/p>\n<p>Nach dem Einloggen gelangen Sie aber direkt in das <b>Kassenbuch &#8211; Men\u00fc<\/b>, indem Sie &#8211; mit Hilfe der gleichnamigen Schaltfl\u00e4che &#8211; <b>Benutzer anmelden \/ abmelden<\/b> k\u00f6nnen.<\/p>\n<p>Das Kassenbuch ist in vier Bereiche unterteilt: <b>Kassenbuch &#8211; Daten<\/b>, <b>Kassenbuch &#8211; Bearbeiten<\/b>, <b>Kassenbuch &#8211; Abrechnung<\/b> und <b>Einnahmen &#8211; Ausgaben<\/b>.<\/p>\n<p>Die <b>Men\u00fcleiste<\/b> enth\u00e4lt drei Pulldown-Men\u00fcs:<\/p>\n<ul type=\"circle\">\n<li>Das <strong>Kassenbuch-<u>M<\/u><\/strong><b>en\u00fc <\/b>beinhaltet die Befehle, die Sie auch \u00fcber die Schaltfl\u00e4chen bedienen k\u00f6nnen.<\/li>\n<li>Mit dem <strong>Men\u00fc<\/strong> <b><u>F<\/u>enster <\/b>k\u00f6nnen Sie in andere ge\u00f6ffnete Fenster des Kassenbuchmoduls wechseln.<\/li>\n<li>Das Men\u00fc beinhaltet den <strong>Befehl<\/strong> <b>Info<\/b>, mit dessen Hilfe Sie sich das Programm-Info ansehen k\u00f6nnen.<\/li>\n<\/ul>\n","protected":false},"excerpt":{"rendered":"<p>Mit dem Modul Kassenbuch k\u00f6nnen Sie Ihre Einnahmen und Ausgaben Finanzamt gerecht verbuchen und Ihren Kassenbestand kontrollieren. Das Starten und der Systemlogin verlaufen genauso wie beim Hauptprogramm. Nach dem Einloggen gelangen Sie aber direkt in das Kassenbuch &#8211; Men\u00fc, indem Sie &#8211; mit Hilfe der gleichnamigen Schaltfl\u00e4che &#8211; Benutzer anmelden \/ abmelden k\u00f6nnen. Das Kassenbuch [&hellip;]<\/p>\n","protected":false},"author":5,"featured_media":0,"parent":24,"menu_order":0,"comment_status":"closed","ping_status":"closed","template":"","meta":{"footnotes":""},"class_list":["post-164","page","type-page","status-publish","hentry"],"_links":{"self":[{"href":"https:\/\/handbuch.sdigroup.de\/ctx\/index.php?rest_route=\/wp\/v2\/pages\/164","targetHints":{"allow":["GET"]}}],"collection":[{"href":"https:\/\/handbuch.sdigroup.de\/ctx\/index.php?rest_route=\/wp\/v2\/pages"}],"about":[{"href":"https:\/\/handbuch.sdigroup.de\/ctx\/index.php?rest_route=\/wp\/v2\/types\/page"}],"author":[{"embeddable":true,"href":"https:\/\/handbuch.sdigroup.de\/ctx\/index.php?rest_route=\/wp\/v2\/users\/5"}],"replies":[{"embeddable":true,"href":"https:\/\/handbuch.sdigroup.de\/ctx\/index.php?rest_route=%2Fwp%2Fv2%2Fcomments&post=164"}],"version-history":[{"count":4,"href":"https:\/\/handbuch.sdigroup.de\/ctx\/index.php?rest_route=\/wp\/v2\/pages\/164\/revisions"}],"predecessor-version":[{"id":1397,"href":"https:\/\/handbuch.sdigroup.de\/ctx\/index.php?rest_route=\/wp\/v2\/pages\/164\/revisions\/1397"}],"up":[{"embeddable":true,"href":"https:\/\/handbuch.sdigroup.de\/ctx\/index.php?rest_route=\/wp\/v2\/pages\/24"}],"wp:attachment":[{"href":"https:\/\/handbuch.sdigroup.de\/ctx\/index.php?rest_route=%2Fwp%2Fv2%2Fmedia&parent=164"}],"curies":[{"name":"wp","href":"https:\/\/api.w.org\/{rel}","templated":true}]}}