{"id":14,"date":"2016-02-23T15:41:52","date_gmt":"2016-02-23T14:41:52","guid":{"rendered":"http:\/\/handbuch.sdigroup.de\/ctx\/?page_id=14"},"modified":"2020-08-24T12:11:24","modified_gmt":"2020-08-24T10:11:24","slug":"eingabemasken","status":"publish","type":"page","link":"https:\/\/handbuch.sdigroup.de\/ctx\/?page_id=14","title":{"rendered":"Eingabemasken"},"content":{"rendered":"<p><img loading=\"lazy\" decoding=\"async\" class=\"alignnone size-full wp-image-107\" src=\"https:\/\/handbuch.sdigroup.de\/ctx\/wp-content\/uploads\/verwaltung.jpg\" alt=\"verwaltung\" width=\"1325\" height=\"802\" srcset=\"https:\/\/handbuch.sdigroup.de\/ctx\/wp-content\/uploads\/verwaltung.jpg 1325w, https:\/\/handbuch.sdigroup.de\/ctx\/wp-content\/uploads\/verwaltung-300x182.jpg 300w, https:\/\/handbuch.sdigroup.de\/ctx\/wp-content\/uploads\/verwaltung-1024x620.jpg 1024w, https:\/\/handbuch.sdigroup.de\/ctx\/wp-content\/uploads\/verwaltung-50x30.jpg 50w\" sizes=\"auto, (max-width: 1325px) 100vw, 1325px\" \/><\/p>\n<p>In dem <b>Eingabefeld,<\/b> indem die Einf\u00fcgemarke blinkt, k\u00f6nnen Sie Ihre Daten eingeben. Mit Eingabe von Return oder Tab wechseln Sie zum n\u00e4chsten Eingabefeld. Bet\u00e4tigen Sie die Tastenkombination <b>Shift + Tab<\/b> gehen Sie ein Feld zur\u00fcck. Nat\u00fcrlich k\u00f6nnen Sie auch mit der Maus das Eingabefeld anklicken, zudem Sie wechseln m\u00f6chten.<br \/>\n<b>Eingabehilfen<\/b> erleichtern Ihnen die Dateneingabe:<\/p>\n<p>Die <b>Schaltfl\u00e4che A<\/b>\u00a0f\u00fcgt automatisch das aktuelle Datum ein.<br \/>\nKlicken Sie den Pfeil rechts neben einem Eingabefeld an, erhalten Sie eine <b>Auswahlliste.<\/b> Durch Anklicken \u00fcbernehmen Sie einen Begriff aus der Liste in das Eingabefeld.<\/p>\n<p>Daneben gibt es noch Felder, die <b>automatisch berechnet <\/b>oder<b> erg\u00e4nzt <\/b>werden.<br \/>\nUm Ihnen das Arbeiten mit dem Programm zu erleichtern, wurden die einzelnen Module weitgehend gleich aufgebaut.<\/p>\n","protected":false},"excerpt":{"rendered":"<p>In dem Eingabefeld, indem die Einf\u00fcgemarke blinkt, k\u00f6nnen Sie Ihre Daten eingeben. Mit Eingabe von Return oder Tab wechseln Sie zum n\u00e4chsten Eingabefeld. Bet\u00e4tigen Sie die Tastenkombination Shift + Tab gehen Sie ein Feld zur\u00fcck. Nat\u00fcrlich k\u00f6nnen Sie auch mit der Maus das Eingabefeld anklicken, zudem Sie wechseln m\u00f6chten. Eingabehilfen erleichtern Ihnen die Dateneingabe: Die [&hellip;]<\/p>\n","protected":false},"author":3,"featured_media":0,"parent":0,"menu_order":0,"comment_status":"closed","ping_status":"closed","template":"","meta":{"footnotes":""},"class_list":["post-14","page","type-page","status-publish","hentry"],"_links":{"self":[{"href":"https:\/\/handbuch.sdigroup.de\/ctx\/index.php?rest_route=\/wp\/v2\/pages\/14","targetHints":{"allow":["GET"]}}],"collection":[{"href":"https:\/\/handbuch.sdigroup.de\/ctx\/index.php?rest_route=\/wp\/v2\/pages"}],"about":[{"href":"https:\/\/handbuch.sdigroup.de\/ctx\/index.php?rest_route=\/wp\/v2\/types\/page"}],"author":[{"embeddable":true,"href":"https:\/\/handbuch.sdigroup.de\/ctx\/index.php?rest_route=\/wp\/v2\/users\/3"}],"replies":[{"embeddable":true,"href":"https:\/\/handbuch.sdigroup.de\/ctx\/index.php?rest_route=%2Fwp%2Fv2%2Fcomments&post=14"}],"version-history":[{"count":3,"href":"https:\/\/handbuch.sdigroup.de\/ctx\/index.php?rest_route=\/wp\/v2\/pages\/14\/revisions"}],"predecessor-version":[{"id":1377,"href":"https:\/\/handbuch.sdigroup.de\/ctx\/index.php?rest_route=\/wp\/v2\/pages\/14\/revisions\/1377"}],"wp:attachment":[{"href":"https:\/\/handbuch.sdigroup.de\/ctx\/index.php?rest_route=%2Fwp%2Fv2%2Fmedia&parent=14"}],"curies":[{"name":"wp","href":"https:\/\/api.w.org\/{rel}","templated":true}]}}