{"id":1336,"date":"2020-02-25T12:26:52","date_gmt":"2020-02-25T11:26:52","guid":{"rendered":"https:\/\/handbuch.sdigroup.de\/ctx\/?page_id=1336"},"modified":"2021-09-20T14:36:25","modified_gmt":"2021-09-20T12:36:25","slug":"beleg-stornieren","status":"publish","type":"page","link":"https:\/\/handbuch.sdigroup.de\/ctx\/?page_id=1336","title":{"rendered":"Beleg Stornieren"},"content":{"rendered":"\n<p><br \/><br \/><\/p>\n<p><span style=\"font-size: large;\">1.Am selben Tag<br \/><br \/>KONTROLLE -&gt; Beleg suchen<\/span><\/p>\n\n\n\n<p>F\u00fcr die Frage: Wollen Sie den Beleg stornieren? <strong>&#8222;Ja&#8220;<\/strong> ausw\u00e4hlen<\/p>\n\n\n\n<p><span style=\"font-size: large;\">2. An folgenden Tagen<br \/><br \/>KONTROLLE -&gt; Beleg suchen<br \/><br \/>KASSE<br \/>Gutschrift erstellen<br \/>In Feld Artikelname: Belegnummer und Storno dokumentieren<b><br \/><\/b><\/span><br \/><br \/><\/p>\n<h4><span style=\"text-decoration: underline;\"><span style=\"color: #ff0000; text-decoration: underline;\"><strong>Wichtig<\/strong><\/span><\/span><\/h4>\n<p><span style=\"color: #ff0000;\">Seit dem 10.11.2020 ist es nicht mehr m\u00f6glich in Deutsche Kassensysteme, mit einer TSE, Belege zu Stornieren. Jedoch bei Ausl\u00e4ndischen Kassensysteme ist dies m\u00f6glich<\/span><\/p>\n","protected":false},"excerpt":{"rendered":"<p>1.Am selben Tag KONTROLLE -&gt; Beleg suchen F\u00fcr die Frage: Wollen Sie den Beleg stornieren? &#8222;Ja&#8220; ausw\u00e4hlen 2. An folgenden Tagen KONTROLLE -&gt; Beleg suchen KASSEGutschrift erstellenIn Feld Artikelname: Belegnummer und Storno dokumentieren Wichtig Seit dem 10.11.2020 ist es nicht mehr m\u00f6glich in Deutsche Kassensysteme, mit einer TSE, Belege zu Stornieren. Jedoch bei Ausl\u00e4ndischen Kassensysteme [&hellip;]<\/p>\n","protected":false},"author":4,"featured_media":0,"parent":0,"menu_order":0,"comment_status":"closed","ping_status":"closed","template":"","meta":{"footnotes":""},"class_list":["post-1336","page","type-page","status-publish","hentry"],"_links":{"self":[{"href":"https:\/\/handbuch.sdigroup.de\/ctx\/index.php?rest_route=\/wp\/v2\/pages\/1336","targetHints":{"allow":["GET"]}}],"collection":[{"href":"https:\/\/handbuch.sdigroup.de\/ctx\/index.php?rest_route=\/wp\/v2\/pages"}],"about":[{"href":"https:\/\/handbuch.sdigroup.de\/ctx\/index.php?rest_route=\/wp\/v2\/types\/page"}],"author":[{"embeddable":true,"href":"https:\/\/handbuch.sdigroup.de\/ctx\/index.php?rest_route=\/wp\/v2\/users\/4"}],"replies":[{"embeddable":true,"href":"https:\/\/handbuch.sdigroup.de\/ctx\/index.php?rest_route=%2Fwp%2Fv2%2Fcomments&post=1336"}],"version-history":[{"count":3,"href":"https:\/\/handbuch.sdigroup.de\/ctx\/index.php?rest_route=\/wp\/v2\/pages\/1336\/revisions"}],"predecessor-version":[{"id":1494,"href":"https:\/\/handbuch.sdigroup.de\/ctx\/index.php?rest_route=\/wp\/v2\/pages\/1336\/revisions\/1494"}],"wp:attachment":[{"href":"https:\/\/handbuch.sdigroup.de\/ctx\/index.php?rest_route=%2Fwp%2Fv2%2Fmedia&parent=1336"}],"curies":[{"name":"wp","href":"https:\/\/api.w.org\/{rel}","templated":true}]}}