{"id":1230,"date":"2020-02-03T09:57:15","date_gmt":"2020-02-03T08:57:15","guid":{"rendered":"https:\/\/handbuch.sdigroup.de\/ctx\/?page_id=1230"},"modified":"2022-08-12T09:44:17","modified_gmt":"2022-08-12T07:44:17","slug":"rest-auszahlen","status":"publish","type":"page","link":"https:\/\/handbuch.sdigroup.de\/ctx\/?page_id=1230","title":{"rendered":"Rest auszahlen"},"content":{"rendered":"\n<h4><strong>Anleitung Retoure\u00a0 Einkauf &#8211; Rest auszahlen<\/strong><\/h4>\n<p>Kunde bringt eine Ware zur\u00fcck und kauft etwas neues &#8211; erh\u00e4lt sein Geld zur\u00fcck.<\/p>\n<p><img loading=\"lazy\" decoding=\"async\" class=\"alignnone wp-image-1457 \" src=\"https:\/\/handbuch.sdigroup.de\/ctx\/wp-content\/uploads\/bild-6-300x217.png\" alt=\"\" width=\"386\" height=\"279\" srcset=\"https:\/\/handbuch.sdigroup.de\/ctx\/wp-content\/uploads\/bild-6-300x217.png 300w, https:\/\/handbuch.sdigroup.de\/ctx\/wp-content\/uploads\/bild-6-1024x740.png 1024w, https:\/\/handbuch.sdigroup.de\/ctx\/wp-content\/uploads\/bild-6.png 1035w\" sizes=\"auto, (max-width: 386px) 100vw, 386px\" \/><\/p>\n<p><span style=\"color: #ff0000;\">Zahlung drucken<\/span><\/p>\n<p><span style=\"color: #ff0000;\"><img loading=\"lazy\" decoding=\"async\" class=\"alignnone size-full wp-image-1246\" src=\"https:\/\/handbuch.sdigroup.de\/ctx\/wp-content\/uploads\/Anmerkung-2020-02-03-100200-1.png\" alt=\"\" width=\"782\" height=\"257\" srcset=\"https:\/\/handbuch.sdigroup.de\/ctx\/wp-content\/uploads\/Anmerkung-2020-02-03-100200-1.png 782w, https:\/\/handbuch.sdigroup.de\/ctx\/wp-content\/uploads\/Anmerkung-2020-02-03-100200-1-300x99.png 300w\" sizes=\"auto, (max-width: 782px) 100vw, 782px\" \/><\/span><\/p>\n<p><span style=\"color: #ff0000;\">NEIN<\/span><\/p>\n<p>\u00a0<\/p>\n<p><span style=\"color: #ff0000;\"><img loading=\"lazy\" decoding=\"async\" class=\"alignnone size-full wp-image-1248\" src=\"https:\/\/handbuch.sdigroup.de\/ctx\/wp-content\/uploads\/Anmerkung-2020-02-03-100200-3.png\" alt=\"\" width=\"705\" height=\"258\" srcset=\"https:\/\/handbuch.sdigroup.de\/ctx\/wp-content\/uploads\/Anmerkung-2020-02-03-100200-3.png 705w, https:\/\/handbuch.sdigroup.de\/ctx\/wp-content\/uploads\/Anmerkung-2020-02-03-100200-3-300x110.png 300w\" sizes=\"auto, (max-width: 705px) 100vw, 705px\" \/><\/span><\/p>\n<p><span style=\"color: #ff0000;\">JA<\/span><\/p>\n<p><img loading=\"lazy\" decoding=\"async\" class=\"alignnone size-full wp-image-1249\" src=\"https:\/\/handbuch.sdigroup.de\/ctx\/wp-content\/uploads\/Anmerkung-2020-02-03-100200-4.png\" alt=\"\" width=\"423\" height=\"259\" srcset=\"https:\/\/handbuch.sdigroup.de\/ctx\/wp-content\/uploads\/Anmerkung-2020-02-03-100200-4.png 423w, https:\/\/handbuch.sdigroup.de\/ctx\/wp-content\/uploads\/Anmerkung-2020-02-03-100200-4-300x184.png 300w\" sizes=\"auto, (max-width: 423px) 100vw, 423px\" \/><\/p>\n","protected":false},"excerpt":{"rendered":"<p>Anleitung Retoure\u00a0 Einkauf &#8211; Rest auszahlen Kunde bringt eine Ware zur\u00fcck und kauft etwas neues &#8211; erh\u00e4lt sein Geld zur\u00fcck. Zahlung drucken NEIN \u00a0 JA<\/p>\n","protected":false},"author":4,"featured_media":0,"parent":0,"menu_order":0,"comment_status":"closed","ping_status":"closed","template":"","meta":{"footnotes":""},"class_list":["post-1230","page","type-page","status-publish","hentry"],"_links":{"self":[{"href":"https:\/\/handbuch.sdigroup.de\/ctx\/index.php?rest_route=\/wp\/v2\/pages\/1230","targetHints":{"allow":["GET"]}}],"collection":[{"href":"https:\/\/handbuch.sdigroup.de\/ctx\/index.php?rest_route=\/wp\/v2\/pages"}],"about":[{"href":"https:\/\/handbuch.sdigroup.de\/ctx\/index.php?rest_route=\/wp\/v2\/types\/page"}],"author":[{"embeddable":true,"href":"https:\/\/handbuch.sdigroup.de\/ctx\/index.php?rest_route=\/wp\/v2\/users\/4"}],"replies":[{"embeddable":true,"href":"https:\/\/handbuch.sdigroup.de\/ctx\/index.php?rest_route=%2Fwp%2Fv2%2Fcomments&post=1230"}],"version-history":[{"count":4,"href":"https:\/\/handbuch.sdigroup.de\/ctx\/index.php?rest_route=\/wp\/v2\/pages\/1230\/revisions"}],"predecessor-version":[{"id":1526,"href":"https:\/\/handbuch.sdigroup.de\/ctx\/index.php?rest_route=\/wp\/v2\/pages\/1230\/revisions\/1526"}],"wp:attachment":[{"href":"https:\/\/handbuch.sdigroup.de\/ctx\/index.php?rest_route=%2Fwp%2Fv2%2Fmedia&parent=1230"}],"curies":[{"name":"wp","href":"https:\/\/api.w.org\/{rel}","templated":true}]}}