{"id":12,"date":"2016-02-23T15:41:44","date_gmt":"2016-02-23T14:41:44","guid":{"rendered":"http:\/\/handbuch.sdigroup.de\/ctx\/?page_id=12"},"modified":"2020-08-24T11:57:58","modified_gmt":"2020-08-24T09:57:58","slug":"die-menues","status":"publish","type":"page","link":"https:\/\/handbuch.sdigroup.de\/ctx\/?page_id=12","title":{"rendered":"Das Hauptmen\u00fc"},"content":{"rendered":"<p><img loading=\"lazy\" decoding=\"async\" class=\"alignnone size-full wp-image-87\" src=\"https:\/\/handbuch.sdigroup.de\/ctx\/wp-content\/uploads\/1.jpg\" alt=\"1\" width=\"791\" height=\"299\" srcset=\"https:\/\/handbuch.sdigroup.de\/ctx\/wp-content\/uploads\/1.jpg 791w, https:\/\/handbuch.sdigroup.de\/ctx\/wp-content\/uploads\/1-300x113.jpg 300w\" sizes=\"auto, (max-width: 791px) 100vw, 791px\" \/><\/p>\n<p>Das Hauptmen\u00fc bietet ihnen die M\u00f6glichkeit, vier weitere Untermen\u00fcs zu erreichen \u201e<strong>Kasse &#8211; F8<\/strong>\u201e- \u201e<strong>Lager \/ Artikelstamm &#8211; F7<\/strong>\u201e- \u201e<strong>Kundenstamm &#8211; F5<\/strong>\u201e- \u201e<strong>Lieferantenstamm &#8211; F6<\/strong>\u201c. Sie k\u00f6nnen diese wahlweise \u00fcber die jeweilig genannten Schaltfl\u00e4chen oder die \u201e<strong>Men\u00fcleiste<\/strong>\u201c erreichen.<\/p>\n<p>In der Men\u00fcleiste bietet Ihnen das Pulldown-Men\u00fc \u201e<strong>Fenster<\/strong>\u201c die M\u00f6glichkeit, ins Hauptmen\u00fc oder in jedes andere offene Fenster des Programms zu wechseln, ohne das Men\u00fc schlie\u00dfen zu m\u00fcssen.<\/p>\n","protected":false},"excerpt":{"rendered":"<p>Das Hauptmen\u00fc bietet ihnen die M\u00f6glichkeit, vier weitere Untermen\u00fcs zu erreichen \u201eKasse &#8211; F8\u201e- \u201eLager \/ Artikelstamm &#8211; F7\u201e- \u201eKundenstamm &#8211; F5\u201e- \u201eLieferantenstamm &#8211; F6\u201c. Sie k\u00f6nnen diese wahlweise \u00fcber die jeweilig genannten Schaltfl\u00e4chen oder die \u201eMen\u00fcleiste\u201c erreichen. In der Men\u00fcleiste bietet Ihnen das Pulldown-Men\u00fc \u201eFenster\u201c die M\u00f6glichkeit, ins Hauptmen\u00fc oder in jedes andere offene [&hellip;]<\/p>\n","protected":false},"author":3,"featured_media":0,"parent":0,"menu_order":0,"comment_status":"closed","ping_status":"closed","template":"","meta":{"footnotes":""},"class_list":["post-12","page","type-page","status-publish","hentry"],"_links":{"self":[{"href":"https:\/\/handbuch.sdigroup.de\/ctx\/index.php?rest_route=\/wp\/v2\/pages\/12","targetHints":{"allow":["GET"]}}],"collection":[{"href":"https:\/\/handbuch.sdigroup.de\/ctx\/index.php?rest_route=\/wp\/v2\/pages"}],"about":[{"href":"https:\/\/handbuch.sdigroup.de\/ctx\/index.php?rest_route=\/wp\/v2\/types\/page"}],"author":[{"embeddable":true,"href":"https:\/\/handbuch.sdigroup.de\/ctx\/index.php?rest_route=\/wp\/v2\/users\/3"}],"replies":[{"embeddable":true,"href":"https:\/\/handbuch.sdigroup.de\/ctx\/index.php?rest_route=%2Fwp%2Fv2%2Fcomments&post=12"}],"version-history":[{"count":5,"href":"https:\/\/handbuch.sdigroup.de\/ctx\/index.php?rest_route=\/wp\/v2\/pages\/12\/revisions"}],"predecessor-version":[{"id":1373,"href":"https:\/\/handbuch.sdigroup.de\/ctx\/index.php?rest_route=\/wp\/v2\/pages\/12\/revisions\/1373"}],"wp:attachment":[{"href":"https:\/\/handbuch.sdigroup.de\/ctx\/index.php?rest_route=%2Fwp%2Fv2%2Fmedia&parent=12"}],"curies":[{"name":"wp","href":"https:\/\/api.w.org\/{rel}","templated":true}]}}