{"id":10,"date":"2016-02-23T15:41:31","date_gmt":"2016-02-23T14:41:31","guid":{"rendered":"http:\/\/handbuch.sdigroup.de\/ctx\/?page_id=10"},"modified":"2022-07-27T11:07:40","modified_gmt":"2022-07-27T09:07:40","slug":"bildschirmaufbau","status":"publish","type":"page","link":"https:\/\/handbuch.sdigroup.de\/ctx\/?page_id=10","title":{"rendered":"Bildschirmaufbau"},"content":{"rendered":"<p style=\"text-align: center;\"><strong>Das Hauptmen\u00fc<\/strong><\/p>\n<p><img loading=\"lazy\" decoding=\"async\" class=\"size-full wp-image-87 aligncenter\" src=\"https:\/\/handbuch.sdigroup.de\/ctx\/wp-content\/uploads\/1.jpg\" alt=\"1\" width=\"791\" height=\"299\" srcset=\"https:\/\/handbuch.sdigroup.de\/ctx\/wp-content\/uploads\/1.jpg 791w, https:\/\/handbuch.sdigroup.de\/ctx\/wp-content\/uploads\/1-300x113.jpg 300w\" sizes=\"auto, (max-width: 791px) 100vw, 791px\" \/><\/p>\n<p style=\"text-align: center;\"><strong>Die Titelleiste<\/strong><\/p>\n<p><img loading=\"lazy\" decoding=\"async\" class=\"wp-image-1371  aligncenter\" src=\"https:\/\/handbuch.sdigroup.de\/ctx\/wp-content\/uploads\/bild-1-300x21.png\" alt=\"\" width=\"372\" height=\"26\" srcset=\"https:\/\/handbuch.sdigroup.de\/ctx\/wp-content\/uploads\/bild-1-300x21.png 300w, https:\/\/handbuch.sdigroup.de\/ctx\/wp-content\/uploads\/bild-1.png 409w\" sizes=\"auto, (max-width: 372px) 100vw, 372px\" \/><\/p>\n<p>Dies zeigt Ihnen in welchem Fenster Sie sich befinden. Au\u00dferdem befindet sich in Ihr das <b>Symbolfeld<\/b>. Wenn Sie dieses Feld anklicken, verkleinern Sie das aktive Fenster auf Symbolgr\u00f6\u00dfe, ohne es schlie\u00dfen zu m\u00fcssen. Ein kleines Beispiel verdeutlicht Ihnen schnell, welche Vorteile dieses Verfahren mit sich bringt. Angenommen Sie wollen eine gro\u00dfe Warenlieferung einbuchen, aber gleichzeitig immer Verkaufs bereit bleiben: \u00f6ffnen Sie das Fenster Auftrag-Erfassen, klicken Sie auf das Symbolfeld. \u00d6ffnen Sie jetzt das Fenster Lager-Verwaltung und beginnen mit dem Einbuchen. Kommt ein Kunde, holen Sie das Fenster &#8222;<strong>Auftrag-Erfassen<\/strong>&#8220; mit einem Doppelklick auf den Bildschirm und bearbeiten den Auftrag. Wenn Sie danach das Fenster &#8222;Auftrag-Erfassen&#8220; wieder auf Symbolgr\u00f6\u00dfe verkleinern, befinden Sie sich im Fenster Lager-Verwaltung genau an der Stelle, an der Sie die Bearbeitung unterbrochen haben.<\/p>\n<p><span style=\"font-size: 10pt;\"><b>*Tipp:<\/b> Mit der Tastenkombination <b>Alt + Tab<\/b> k\u00f6nnen Sie \u00fcbrigens auch zu andere Programme wie zum Beispiel Word wechseln, ohne das Programm verlassen zu m\u00fcssen.<\/span><\/p>\n<p style=\"text-align: center;\"><strong>Die Men\u00fczeile<\/strong><\/p>\n<p>Die &#8222;<b>Men\u00fczeile&#8220;\u00a0<\/b>enth\u00e4lt das Systemmen\u00fcfeld, die Namen der Men\u00fcs und die Schaltfll\u00e4che Wiederherstellen.<\/p>\n<p>Mit den &#8222;<b>Men\u00fcnamen&#8220;\u00a0<\/b>lassen sich ebenfalls Befehlslisten (=<em>Pulldown-Men\u00fcs<\/em>) \u00f6ffnen. Sie k\u00f6nnen ein Men\u00fc \u00f6ffnen, indem Sie den Men\u00fcnamen anklicken oder indem Sie die Tastenkombination &#8222;<b>Alt + unterstrichener Buchstabe&#8220;\u00a0<\/b>(Bsp.<em>\u00a0Alt + D f\u00fcr <u>D<\/u>atei<\/em>) eingeben.<\/p>\n<p>Die &#8222;<b>Schaltfl\u00e4che Wiederherstellen&#8220;\u00a0<\/b>ver\u00e4ndert bei Anklicken die Gr\u00f6\u00dfe des aktiven Fensters.<\/p>\n<p>Falls auf der Schaltfl\u00e4che eine <b>Funktionstaste<\/b> (<em>Bsp. Beenden-F12<\/em>) angegeben ist, k\u00f6nnen Sie den Befehl auch mit der entsprechenden Funktionstaste aufrufen.<\/p>\n<p>F\u00fcr Kunden, die etwas z\u00fcgiger vorankommen m\u00f6chten, enth\u00e4lt das Programm auch &#8222;<b>Short-Cuts&#8220;<\/b>, diese sind Tastenkombinationen, die Ihnen einen schnellen Zugriff \u00fcber zwei Men\u00fcs hinweg erlauben. Wenn Sie zum beispiel, vom Hauptmen\u00fc aus direkt zu dem Fenster &#8222;<strong>LAGER-<u>B<\/u>EWEGUNG&#8220;<\/strong>\u00a0wechseln m\u00f6chten, k\u00f6nnen Sie die Tasten &#8222;<b>F8 + B&#8220; <\/b>bet\u00e4tigen<b>.\u00a0\u00a0<\/b><\/p>\n","protected":false},"excerpt":{"rendered":"<p>Das Hauptmen\u00fc Die Titelleiste Dies zeigt Ihnen in welchem Fenster Sie sich befinden. Au\u00dferdem befindet sich in Ihr das Symbolfeld. Wenn Sie dieses Feld anklicken, verkleinern Sie das aktive Fenster auf Symbolgr\u00f6\u00dfe, ohne es schlie\u00dfen zu m\u00fcssen. Ein kleines Beispiel verdeutlicht Ihnen schnell, welche Vorteile dieses Verfahren mit sich bringt. Angenommen Sie wollen eine gro\u00dfe [&hellip;]<\/p>\n","protected":false},"author":3,"featured_media":0,"parent":0,"menu_order":0,"comment_status":"closed","ping_status":"closed","template":"","meta":{"footnotes":""},"class_list":["post-10","page","type-page","status-publish","hentry"],"_links":{"self":[{"href":"https:\/\/handbuch.sdigroup.de\/ctx\/index.php?rest_route=\/wp\/v2\/pages\/10","targetHints":{"allow":["GET"]}}],"collection":[{"href":"https:\/\/handbuch.sdigroup.de\/ctx\/index.php?rest_route=\/wp\/v2\/pages"}],"about":[{"href":"https:\/\/handbuch.sdigroup.de\/ctx\/index.php?rest_route=\/wp\/v2\/types\/page"}],"author":[{"embeddable":true,"href":"https:\/\/handbuch.sdigroup.de\/ctx\/index.php?rest_route=\/wp\/v2\/users\/3"}],"replies":[{"embeddable":true,"href":"https:\/\/handbuch.sdigroup.de\/ctx\/index.php?rest_route=%2Fwp%2Fv2%2Fcomments&post=10"}],"version-history":[{"count":10,"href":"https:\/\/handbuch.sdigroup.de\/ctx\/index.php?rest_route=\/wp\/v2\/pages\/10\/revisions"}],"predecessor-version":[{"id":1497,"href":"https:\/\/handbuch.sdigroup.de\/ctx\/index.php?rest_route=\/wp\/v2\/pages\/10\/revisions\/1497"}],"wp:attachment":[{"href":"https:\/\/handbuch.sdigroup.de\/ctx\/index.php?rest_route=%2Fwp%2Fv2%2Fmedia&parent=10"}],"curies":[{"name":"wp","href":"https:\/\/api.w.org\/{rel}","templated":true}]}}